{"id":641,"date":"2021-01-08T01:00:10","date_gmt":"2021-01-08T01:00:10","guid":{"rendered":"http:\/\/sbsz-hildburghausen.de\/?page_id=641"},"modified":"2022-01-23T21:04:48","modified_gmt":"2022-01-23T21:04:48","slug":"beratungslehrer","status":"publish","type":"page","link":"https:\/\/sbsz-hildburghausen.de\/index.php\/kontakt\/beratungslehrer\/","title":{"rendered":"Beratungslehrer"},"content":{"rendered":"\n<p>Unsere Jugendlichen im Hinblick auf ihre berufliche Laufbahn zu beraten ist eine unserer wichtigsten Aufgaben. Es gibt im Wesentlichen drei Schwerpunkte:<\/p>\n\n\n\n<ul class=\"wp-block-list\"><li>Entscheidung zwischen Gymnasium und Regelschule (\u00dcbertritt nach Klasse 4)<\/li><li>Zusammenarbeit mit der Berufsberatung der Agentur f\u00fcr Arbeit und den Beratungslehrern der Regelschulen &#8211; Beratung der Sch\u00fcler in den Vorabgangsklassen der Regelschule<\/li><li>Zusammenarbeit mit der Studien- und Berufsberatung der Agentur f\u00fcr Arbeit am beruflichen Gymnasium &#8211; gemeinsame Konzepterstellung zur Studien- und Berufsberatung<\/li><\/ul>\n\n\n\n<p>F\u00fcr diese umfangreiche Beratung steht Frau Petra Wilfer zur Verf\u00fcgung. Sie ist Lehrerin an unserer Schule und pflegt gute Kontakte zu Arbeitsagenturen und anderen Einrichtungen, die mit Ausbildung bzw. Bildung zu tun haben, z. B. den Fachhochschulen und Hochschulen unseres Landes.<\/p>\n\n\n\n<p>In regelm\u00e4\u00dfigen Abst\u00e4nden informiert sie bei Veranstaltungen in unseren H\u00e4usern oder organisiert den Besuch von Veranstaltungen mit Beratungsangeboten in unserer N\u00e4he. Nat\u00fcrlich steht sie in ihren Sprechstunden f\u00fcr eine pers\u00f6nliche Beratung zur Verf\u00fcgung. Sie verf\u00fcgt auch immer \u00fcber auf dem neuesten Stand gehaltene Informationen und kann auch Auskunft dar\u00fcber geben, wo weitere Informationen \u00fcber Ausbildungs- und Bildungsm\u00f6glichkeiten erhalten werden k\u00f6nnen.<\/p>\n\n\n\n<h4 class=\"wp-block-heading\">Grunds\u00e4tze der Beratung<\/h4>\n\n\n\n<p>Die Beratung ist freiwillig, vertraulich und kostenlos.<\/p>\n\n\n\n<h4 class=\"wp-block-heading\">Beratungstermine<\/h4>\n\n\n\n<ul class=\"wp-block-list\"><li>Donnerstag, 11:10 bis 11:55 Uhr im Haus 2 im Raum 009<\/li><li>Donnerstag, ab 12:00 Uhr im Haus 1 im Raum 02\/73 oder nach Vereinbarung<\/li><\/ul>\n\n\n\n<p>Frau Wilfer ist telefonisch \u00fcber das Sekretariat im Haus 2 (Helenenstra\u00dfe 1) unter der Telefonnummer 03685\/679-1300 erreichbar, um Termine vereinbaren zu k\u00f6nnen. F\u00fcr Terminvereinbarungen im Haus 1 (Wiesenstra\u00dfe 20) ist die Beratungslehrerin \u00fcber das Sekretariat unter der Telefonnummer 03685\/679-1250 erreichbar. Sie k\u00f6nnen unsere Beratungslehrerin auch per E-Mail \u00fcber das Sekretariat im Haus 2 erreichen: <a href=\"mailto:sekretariat2@sbsz-hildburghausen.de\">sekretariat2@sbsz-hildburghausen.de<\/a>.<\/p>\n","protected":false},"excerpt":{"rendered":"<p>Unsere Jugendlichen im Hinblick auf ihre berufliche Laufbahn zu beraten ist eine unserer wichtigsten Aufgaben. Es gibt im Wesentlichen drei Schwerpunkte: Entscheidung zwischen Gymnasium und Regelschule (\u00dcbertritt nach Klasse 4) Zusammenarbeit mit der Berufsberatung der Agentur f\u00fcr Arbeit und den Beratungslehrern der Regelschulen &#8211; Beratung der Sch\u00fcler in den Vorabgangsklassen der Regelschule Zusammenarbeit mit der [&hellip;]<\/p>\n","protected":false},"author":2,"featured_media":0,"parent":26,"menu_order":2,"comment_status":"closed","ping_status":"closed","template":"","meta":{"_acf_changed":false,"footnotes":""},"class_list":["post-641","page","type-page","status-publish","hentry"],"acf":[],"aioseo_notices":[],"jetpack_sharing_enabled":true,"_links":{"self":[{"href":"https:\/\/sbsz-hildburghausen.de\/index.php\/wp-json\/wp\/v2\/pages\/641","targetHints":{"allow":["GET"]}}],"collection":[{"href":"https:\/\/sbsz-hildburghausen.de\/index.php\/wp-json\/wp\/v2\/pages"}],"about":[{"href":"https:\/\/sbsz-hildburghausen.de\/index.php\/wp-json\/wp\/v2\/types\/page"}],"author":[{"embeddable":true,"href":"https:\/\/sbsz-hildburghausen.de\/index.php\/wp-json\/wp\/v2\/users\/2"}],"replies":[{"embeddable":true,"href":"https:\/\/sbsz-hildburghausen.de\/index.php\/wp-json\/wp\/v2\/comments?post=641"}],"version-history":[{"count":6,"href":"https:\/\/sbsz-hildburghausen.de\/index.php\/wp-json\/wp\/v2\/pages\/641\/revisions"}],"predecessor-version":[{"id":1219,"href":"https:\/\/sbsz-hildburghausen.de\/index.php\/wp-json\/wp\/v2\/pages\/641\/revisions\/1219"}],"up":[{"embeddable":true,"href":"https:\/\/sbsz-hildburghausen.de\/index.php\/wp-json\/wp\/v2\/pages\/26"}],"wp:attachment":[{"href":"https:\/\/sbsz-hildburghausen.de\/index.php\/wp-json\/wp\/v2\/media?parent=641"}],"curies":[{"name":"wp","href":"https:\/\/api.w.org\/{rel}","templated":true}]}}