{"id":637,"date":"2021-01-08T00:45:52","date_gmt":"2021-01-08T00:45:52","guid":{"rendered":"http:\/\/sbsz-hildburghausen.de\/?page_id=637"},"modified":"2021-01-26T10:53:07","modified_gmt":"2021-01-26T10:53:07","slug":"anmeldungen","status":"publish","type":"page","link":"https:\/\/sbsz-hildburghausen.de\/index.php\/kontakt\/anmeldungen\/","title":{"rendered":"Anmeldungen"},"content":{"rendered":"\n<p>Wenn Sie sich am Beruflichem Gymnasium anmelden m\u00f6chten, dann schauen Sie sich den Termin <a href=\"http:\/\/sbsz-hildburghausen.de\/index.php\/termin\/anmeldebeginn-zum-schuljahr-2122\/\" rel=\"nofollow\">&#8222;Anmeldung zum Beruflichem Gymnasium&#8220;<\/a> an. Dort erhalten Sie alle n\u00f6tigen Informationen. <\/p>\n\n\n\n<p>Wenn Sie sich f\u00fcr die Berufsfachschule anmelden m\u00f6chten, dann schauen Sie sich den Termin <a href=\"http:\/\/sbsz-hildburghausen.de\/index.php\/termin\/anmeldschluss-fuer-berufsfachschule\/\">&#8222;Anmeldung f\u00fcr Berufsfachschule&#8220;<\/a> an. Dort erhalten Sie alle n\u00f6tigen Informationen.<\/p>\n","protected":false},"excerpt":{"rendered":"<p>Wenn Sie sich am Beruflichem Gymnasium anmelden m\u00f6chten, dann schauen Sie sich den Termin &#8222;Anmeldung zum Beruflichem Gymnasium&#8220; an. Dort erhalten Sie alle n\u00f6tigen Informationen. Wenn Sie sich f\u00fcr die Berufsfachschule anmelden m\u00f6chten, dann schauen Sie sich den Termin &#8222;Anmeldung f\u00fcr Berufsfachschule&#8220; an. Dort erhalten Sie alle n\u00f6tigen Informationen.<\/p>\n","protected":false},"author":2,"featured_media":0,"parent":26,"menu_order":0,"comment_status":"closed","ping_status":"closed","template":"","meta":{"_acf_changed":false,"footnotes":""},"class_list":["post-637","page","type-page","status-publish","hentry"],"acf":[],"aioseo_notices":[],"jetpack_sharing_enabled":true,"_links":{"self":[{"href":"https:\/\/sbsz-hildburghausen.de\/index.php\/wp-json\/wp\/v2\/pages\/637","targetHints":{"allow":["GET"]}}],"collection":[{"href":"https:\/\/sbsz-hildburghausen.de\/index.php\/wp-json\/wp\/v2\/pages"}],"about":[{"href":"https:\/\/sbsz-hildburghausen.de\/index.php\/wp-json\/wp\/v2\/types\/page"}],"author":[{"embeddable":true,"href":"https:\/\/sbsz-hildburghausen.de\/index.php\/wp-json\/wp\/v2\/users\/2"}],"replies":[{"embeddable":true,"href":"https:\/\/sbsz-hildburghausen.de\/index.php\/wp-json\/wp\/v2\/comments?post=637"}],"version-history":[{"count":2,"href":"https:\/\/sbsz-hildburghausen.de\/index.php\/wp-json\/wp\/v2\/pages\/637\/revisions"}],"predecessor-version":[{"id":891,"href":"https:\/\/sbsz-hildburghausen.de\/index.php\/wp-json\/wp\/v2\/pages\/637\/revisions\/891"}],"up":[{"embeddable":true,"href":"https:\/\/sbsz-hildburghausen.de\/index.php\/wp-json\/wp\/v2\/pages\/26"}],"wp:attachment":[{"href":"https:\/\/sbsz-hildburghausen.de\/index.php\/wp-json\/wp\/v2\/media?parent=637"}],"curies":[{"name":"wp","href":"https:\/\/api.w.org\/{rel}","templated":true}]}}