{"id":37,"date":"2020-04-19T18:36:44","date_gmt":"2020-04-19T18:36:44","guid":{"rendered":"http:\/\/sbsz-hildburghausen.de\/?page_id=37"},"modified":"2021-01-23T12:04:52","modified_gmt":"2021-01-23T12:04:52","slug":"berufsfachschule","status":"publish","type":"page","link":"https:\/\/sbsz-hildburghausen.de\/index.php\/bildungsangebot\/berufsfachschule\/","title":{"rendered":"Berufsfachschule"},"content":{"rendered":"\n<div class=\"wp-block-image is-style-default\"><figure class=\"aligncenter size-full\"><img loading=\"lazy\" decoding=\"async\" width=\"450\" height=\"338\" src=\"http:\/\/sbsz-hildburghausen.de\/wp-content\/uploads\/2020\/12\/haus_1.jpg\" alt=\"\" class=\"wp-image-305\" srcset=\"https:\/\/sbsz-hildburghausen.de\/wp-content\/uploads\/2020\/12\/haus_1.jpg 450w, https:\/\/sbsz-hildburghausen.de\/wp-content\/uploads\/2020\/12\/haus_1-300x225.jpg 300w\" sizes=\"auto, (max-width: 450px) 100vw, 450px\" \/><figcaption>Haus 1, Wiesenstra\u00dfe 20<\/figcaption><\/figure><\/div>\n\n\n\n<p>Hier finden Sie alle Informationen \u00fcber die <strong>Berufsfachschule<\/strong> (Wahlschulform). Dieser Bildungsgang ist nicht berufsqualifizierend.<\/p>\n\n\n\n<h4 class=\"wp-block-heading\"><span class=\"has-inline-color has-vivid-cyan-blue-color\">Bildungsg\u00e4nge<\/span><\/h4>\n\n\n\n<p>Wir bilden die Sch\u00fclerinnen und Sch\u00fcler in den Bereichen <strong>Wirtschaft\/ Verwaltung<\/strong> und <strong>Technik <\/strong>aus.<\/p>\n\n\n\n<h4 class=\"wp-block-heading\"><span class=\"has-inline-color has-vivid-cyan-blue-color\">Abschluss und Ziel der Ausbildung<\/span><\/h4>\n\n\n\n<p>Ziel ist es eine berufliche Grundbildung in den oben genannten Bereichen zu erhalten. Des Weiteren kann die Vollzeitschulpflicht mit diesem Bildungsgang erf\u00fcllt werden. Das Kernziel ist der Erwerb eines dem Realschulabschluss gleichwertigen Abschluss mit beruflicher Grundbildung in den Bereichen Wirtschaft\/ Verwaltung oder Technik.<\/p>\n\n\n\n<h4 class=\"wp-block-heading\"><span class=\"has-inline-color has-vivid-cyan-blue-color\">Zugangsvoraussetzungen<\/span><\/h4>\n\n\n\n<p>Diesen Bildungsgang k\u00f6nnen alle Sch\u00fclerinnen und Sch\u00fcler beginnen, die einen Hauptschulabschluss besitzen. Dabei ist kein Ausbildungsvertrag erforderlich.<\/p>\n\n\n\n<h4 class=\"wp-block-heading\"><span class=\"has-inline-color has-vivid-cyan-blue-color\">Dauer der Ausbildung<\/span><\/h4>\n\n\n\n<p>Der Bildungsgang 1\/2-j\u00e4hrig. F\u00fcr den Erwerb eines dem Realschulabschluss gleichwertigen Abschluss mit beruflicher Grundbildung ist der zweij\u00e4hrige Bildungsgang verpflichtend. Bei dem Bildungsgang handelt es sich um eine Vollzeitschulform. <\/p>\n\n\n\n<h4 class=\"wp-block-heading\"><span class=\"has-inline-color has-vivid-cyan-blue-color\">F\u00f6rderung<\/span><\/h4>\n\n\n\n<p>Unter gewissen Voraussetzungen ist eine F\u00f6rderung im Rahmen des Bundesausbildungsf\u00f6rderungsgesetz (BAf\u00f6G) m\u00f6glich.<\/p>\n\n\n\n<h4 class=\"wp-block-heading\"><span class=\"has-inline-color has-vivid-cyan-blue-color\">Perspektiven<\/span><\/h4>\n\n\n\n<p>Durch diesen Bildungsgang erh\u00e4lt man bessere sehr gute grundlegende Kenntnisse und Fertigkeiten, die einen perfekten Start in eine Berufsausbildung erm\u00f6glichen. Der Besuch weiterer Bildungsg\u00e4nge wie Fachoberschule, berufliches Gymnasium, usw. ist m\u00f6glich.<\/p>\n\n\n\n<h4 class=\"wp-block-heading\"><span class=\"has-inline-color has-vivid-cyan-blue-color\">Bildungsinhalte &#8211; Technik<\/span><\/h4>\n\n\n\n<ul class=\"wp-block-list\"><li>Grundlagen der CNC Technik<\/li><li>Kommunikationstechnik<\/li><li>Mess- und Pr\u00fcftechnik<\/li><li>praktische Ausbildung in den Werkst\u00e4tten<\/li><li>Umwelttechnik<\/li><li>Werkstofftechnik<\/li><\/ul>\n\n\n\n<h4 class=\"wp-block-heading\"><span class=\"has-inline-color has-vivid-cyan-blue-color\">Bildungsinhalte &#8211; Wirtschaft und Verwaltung<\/span><\/h4>\n\n\n\n<ul class=\"wp-block-list\"><li>Fachtheoretischer Unterricht:<ul><li>Betriebswirtschaftslehre<\/li><li>Buchf\u00fchrung<\/li><li>Datenverarbeitung<\/li><li>Mathematik<\/li><li>Volkswirtschaftslehre<\/li><\/ul><\/li><li>Fachpraktischer Unterricht in:<ul><li>Einkauf<\/li><li>Personal<\/li><li>Sekretariat<\/li><li>Verkauf<\/li><\/ul><\/li><\/ul>\n","protected":false},"excerpt":{"rendered":"<p>Hier finden Sie alle Informationen \u00fcber die Berufsfachschule (Wahlschulform). Dieser Bildungsgang ist nicht berufsqualifizierend. Bildungsg\u00e4nge Wir bilden die Sch\u00fclerinnen und Sch\u00fcler in den Bereichen Wirtschaft\/ Verwaltung und Technik aus. Abschluss und Ziel der Ausbildung Ziel ist es eine berufliche Grundbildung in den oben genannten Bereichen zu erhalten. Des Weiteren kann die Vollzeitschulpflicht mit diesem Bildungsgang [&hellip;]<\/p>\n","protected":false},"author":1,"featured_media":0,"parent":23,"menu_order":0,"comment_status":"closed","ping_status":"closed","template":"","meta":{"_acf_changed":false,"footnotes":""},"class_list":["post-37","page","type-page","status-publish","hentry"],"acf":[],"aioseo_notices":[],"jetpack_sharing_enabled":true,"_links":{"self":[{"href":"https:\/\/sbsz-hildburghausen.de\/index.php\/wp-json\/wp\/v2\/pages\/37","targetHints":{"allow":["GET"]}}],"collection":[{"href":"https:\/\/sbsz-hildburghausen.de\/index.php\/wp-json\/wp\/v2\/pages"}],"about":[{"href":"https:\/\/sbsz-hildburghausen.de\/index.php\/wp-json\/wp\/v2\/types\/page"}],"author":[{"embeddable":true,"href":"https:\/\/sbsz-hildburghausen.de\/index.php\/wp-json\/wp\/v2\/users\/1"}],"replies":[{"embeddable":true,"href":"https:\/\/sbsz-hildburghausen.de\/index.php\/wp-json\/wp\/v2\/comments?post=37"}],"version-history":[{"count":15,"href":"https:\/\/sbsz-hildburghausen.de\/index.php\/wp-json\/wp\/v2\/pages\/37\/revisions"}],"predecessor-version":[{"id":764,"href":"https:\/\/sbsz-hildburghausen.de\/index.php\/wp-json\/wp\/v2\/pages\/37\/revisions\/764"}],"up":[{"embeddable":true,"href":"https:\/\/sbsz-hildburghausen.de\/index.php\/wp-json\/wp\/v2\/pages\/23"}],"wp:attachment":[{"href":"https:\/\/sbsz-hildburghausen.de\/index.php\/wp-json\/wp\/v2\/media?parent=37"}],"curies":[{"name":"wp","href":"https:\/\/api.w.org\/{rel}","templated":true}]}}