{"id":35,"date":"2020-04-19T18:35:15","date_gmt":"2020-04-19T18:35:15","guid":{"rendered":"http:\/\/sbsz-hildburghausen.de\/?page_id=35"},"modified":"2025-12-18T10:33:42","modified_gmt":"2025-12-18T10:33:42","slug":"berufliches-gymnasium","status":"publish","type":"page","link":"https:\/\/sbsz-hildburghausen.de\/index.php\/bildungsangebot\/berufliches-gymnasium\/","title":{"rendered":"Berufliches Gymnasium"},"content":{"rendered":"<div class=\"wp-block-image is-style-default\">\n<figure class=\"aligncenter size-large\"><img loading=\"lazy\" decoding=\"async\" width=\"1024\" height=\"768\" src=\"http:\/\/sbsz-hildburghausen.de\/wp-content\/uploads\/2021\/01\/Haus-2.1-1024x768.jpeg\" alt=\"\" class=\"wp-image-507\" srcset=\"https:\/\/sbsz-hildburghausen.de\/wp-content\/uploads\/2021\/01\/Haus-2.1-1024x768.jpeg 1024w, https:\/\/sbsz-hildburghausen.de\/wp-content\/uploads\/2021\/01\/Haus-2.1-300x225.jpeg 300w, https:\/\/sbsz-hildburghausen.de\/wp-content\/uploads\/2021\/01\/Haus-2.1-768x576.jpeg 768w, https:\/\/sbsz-hildburghausen.de\/wp-content\/uploads\/2021\/01\/Haus-2.1-1536x1152.jpeg 1536w, https:\/\/sbsz-hildburghausen.de\/wp-content\/uploads\/2021\/01\/Haus-2.1-2048x1536.jpeg 2048w\" sizes=\"auto, (max-width: 1024px) 100vw, 1024px\" \/><figcaption class=\"wp-element-caption\">&#8222;Technikum&#8220; &#8211; Haus 2, Helenenstra\u00dfe 1<\/figcaption><\/figure>\n<\/div>\n\n\n<h2 class=\"wp-block-heading\">Tag der offenen T\u00fcr<\/h2>\n\n\n\n<p>F\u00fcr weitere Informationen zum Ausbildungsgang k\u00f6nnen Sie uns auch zum <a href=\"http:\/\/sbsz-hildburghausen.de\/index.php\/einladung-zum-tag-der-offenen-tuer-am-beruflichen-gymnasium-hildburghausen-2\/\" target=\"_blank\" rel=\"noopener\" title=\"\">Tag der offenen T\u00fcr<\/a> besuchen. Alle Informationen dazu finden Sie <a href=\"http:\/\/sbsz-hildburghausen.de\/index.php\/einladung-zum-tag-der-offenen-tuer-am-beruflichen-gymnasium-hildburghausen-2\/\" target=\"_blank\" rel=\"noopener\" title=\"\">hier<\/a>.<\/p>\n\n\n\n<h2 class=\"wp-block-heading\"><span class=\"has-inline-color has-vivid-cyan-blue-color\">Anmeldung f\u00fcr das kommende Schuljahr<\/span><\/h2>\n\n\n\n<p>Alle Informationen und den Termin zur Anmeldung finden Sie auch unter <a href=\"https:\/\/sbsz-hildburghausen.de\/wp-content\/uploads\/2025\/12\/Anmeldeblatt_BG_2026-27.pdf\" rel=\"nofollow\" title=\"\">Anmeldung zum Schuljahr 2026\/2027<\/a>. Das <a href=\"https:\/\/sbsz-hildburghausen.de\/wp-content\/uploads\/2025\/12\/Anmeldeblatt_BG_2026-27.pdf\" target=\"_blank\" rel=\"noopener\" title=\"\">Anmeldeformular<\/a> k\u00f6nnen Sie <a href=\"https:\/\/sbsz-hildburghausen.de\/wp-content\/uploads\/2025\/12\/Anmeldeblatt_BG_2026-27.pdf\" target=\"_blank\" rel=\"noopener\" title=\"\">hier<\/a> herunterladen.<\/p>\n\n\n\n<div style=\"height:60px\" aria-hidden=\"true\" class=\"wp-block-spacer\"><\/div>\n\n\n\n<p>Die Anmeldung f\u00fcr das Berufliche Gymnasium erfolgt in der Woche vom <strong>16. bis 21. M\u00e4rz<\/strong>. Die Anmeldungen k\u00f6nnen Sie per Post oder per Einwurf in den Briefkasten der Helenenstra\u00dfe 1 zustellen. Sp\u00e4ter eingehende Bewerbungen k\u00f6nnen noch ber\u00fccksichtigt werden, wenn noch freie Pl\u00e4tze vorhanden sind. Genaue Informationen zu den notwendigen Bewerbungsunterlagen, den Zugangsvoraussetzungen sowie das Anmeldeformular findet man im weiteren Verlauf auf dieser Seite. Die Anmeldung ist an folgende Adresse zu richten:<\/p>\n\n\n\n<p class=\"has-text-align-center\">Staatliches Berufsbildendes Schulzentrum Hildburghausen<br>&#8211; Oberstufenleiter &#8211;<br>Berufliches Gymnasium (Tel. 03685 6791300)<br>Helenenstra\u00dfe 1<br>98646 Hildburghausen<\/p>\n\n\n\n<h4 class=\"wp-block-heading\">Voraussetzungen f\u00fcr die Aufnahme in das Berufliche Gymnasium<\/h4>\n\n\n\n<p>Jeder Sch\u00fcler, welcher am beruflichen Gymnasium beginnen m\u00f6chte, ben\u00f6tigt einen Realschulabschluss oder einen mit dem Realschulabschluss vergleichbaren Abschluss. Dar\u00fcber hinaus m\u00fcssen folgende Aspekte erf\u00fcllt sein.<\/p>\n\n\n\n<ul class=\"wp-block-list\">\n<li>In den F\u00e4chern Mathematik, Deutsch, 1. Fremdsprache und im Wahlpflichtfach muss die Note \u201egut\u201c erzielt worden sein. Sonst muss eine Empfehlung von der Regelschule beantragt werden oder man muss an einer Aufnahmepr\u00fcfung in Form eines 3-t\u00e4gigen Probeunterrichts teilnehmen (Th\u00fcringer Schulordnung f\u00fcr berufliche Gymnasien v. 18.6.09, \u00a7\u00a7 7-11).<\/li>\n\n\n\n<li>Die 1. Fremdsprache (z. B. Englisch) muss durchgehend von Klasse 5 bis 10 unterrichtet worden sein. Eine 2. Fremdsprache ist nicht erforderlich.<\/li>\n\n\n\n<li>Ein hohes Interesse an wirtschaftlichen Zusammenh\u00e4ngen oder Informatik und Datenverarbeitung.<\/li>\n<\/ul>\n\n\n\n<p>Sch\u00fcler des allgemeinbildenden Gymnasiums k\u00f6nnen nach der Versetzung ohne Beachtung der Notenvoraussetzungen zum beruflichem Gymnasium wechseln. Die <strong>Aufnahmepr\u00fcfung<\/strong> findet im Zeitraum vom <strong>20. April bis 24. April 2026 <\/strong>statt. N\u00e4heres erfahren sie unter <a href=\"http:\/\/sbsz-hildburghausen.de\/index.php\/termin\/aufnahmepruefung-beginn-probeunterricht\/\">Aufnahmepr\u00fcfung (Probeunterricht)<\/a>.<\/p>\n\n\n\n<h4 class=\"wp-block-heading\">Anmeldeformular, Unterlagen<\/h4>\n\n\n\n<p>Das <a href=\"https:\/\/sbsz-hildburghausen.de\/wp-content\/uploads\/2025\/12\/Anmeldeblatt_BG_2026-27.pdf\" target=\"_blank\" rel=\"noopener\" title=\"\">Anmeldeformular<\/a> k\u00f6nnen Sie <a href=\"https:\/\/sbsz-hildburghausen.de\/wp-content\/uploads\/2025\/12\/Anmeldeblatt_BG_2026-27.pdf\" target=\"_blank\" rel=\"noopener\" title=\"\">hier<\/a> herunterladen. Bewerbungen mit den \u00fcblichen Unterlagen (Bewerbungsschreiben, beglaubigte Zeugniskopie, Lebenslauf, 2 Passbilder, Anmeldeformular, ggf. Laufbahnempfehlung) richten Sie bitte an die oben genannte Adresse.<\/p>\n\n\n\n<h4 class=\"wp-block-heading\">Ansprechpartner<\/h4>\n\n\n\n<ul class=\"wp-block-list\">\n<li>F\u00fcr alle Fragen bez\u00fcglich der Inhalte und der Organisation steht Ihnen unser Oberstufenleiter, Herr OStR M\u00f6ller (\u00fcber Sekretariat Haus 2, Helenenstra\u00dfe 1, Raum 02\/01, Tel. 03685\/6791300), gerne zur Verf\u00fcgung (E-Mail: <a href=\"mailto:ostl@sbsz-hildburghausen.de\">ostl@sbsz-hildburghausen.de<\/a>). Das Sekretariat ist von Montag bis Freitag t\u00e4glich von 7:00 Uhr bis 12:00 Uhr besetzt. In der Anmeldewoche gelten verl\u00e4ngerte \u00d6ffnungszeiten des Sekretariats.<\/li>\n\n\n\n<li>Unsere <a href=\"http:\/\/sbsz-hildburghausen.de\/index.php\/kontakt\/beratungslehrer\/\">Beratungslehrerin<\/a> informiert ebenfalls \u00fcber Inhalte und Ziele des Beruflichen Gymnasiums, aber auch dar\u00fcber, wie es nach dem Abitur weitergeht.<\/li>\n<\/ul>\n\n\n\n<h4 class=\"wp-block-heading\">Informationsvideo<\/h4>\n\n\n\n<figure class=\"wp-block-video\"><video controls src=\"http:\/\/sbsz-hildburghausen.de\/wp-content\/uploads\/2022\/01\/Video-geschnitten.mp4\"><\/video><\/figure>\n\n\n\n<h2 class=\"wp-block-heading\"><span class=\"has-inline-color has-vivid-cyan-blue-color\">Ziel\/Abschluss<\/span><\/h2>\n\n\n\n<p><span class=\"has-inline-color has-black-color\">Das berufliche Gymnasium ist in die Fachrichtungen <strong>Wirtschaft <\/strong>und <strong>Technik (Datenverarbeitungstechnik)<\/strong> unterteilt. Durch beide Fachrichtungen wird der Erwerb der allgemeinen Hochschulreife angestrebt.<\/span><\/p>\n\n\n\n<h2 class=\"wp-block-heading\"><strong><span class=\"has-inline-color has-vivid-cyan-blue-color\">Zugangsvoraussetzungen<\/span><\/strong><\/h2>\n\n\n\n<ul class=\"wp-block-list\">\n<li>Um am beruflichen Gymnasium aufgenommen zu werden, wird ein Realschul- oder vergleichbarer Abschluss mit Note &#8222;gut&#8220; in den F\u00e4chern Deutsch, Mathematik, 1. Fremdsprache und dem Wahlpflichtfach ben\u00f6tigt.<\/li>\n\n\n\n<li>Sollten Sie die erste Voraussetzung nicht aufweisen, wird ein Realschul- oder vergleichbarer Abschluss und ein Empfehlungsschreiben von der derzeit besuchten Schule ben\u00f6tigt.<\/li>\n\n\n\n<li>Sollten beide vorangegangen Voraussetzungen nicht gegeben sein, dann wird ein Realschulabschluss ben\u00f6tigt und Sie k\u00f6nnen einen Antrag auf die Teilnahme am Aufnahmeverfahren stellen.<\/li>\n<\/ul>\n\n\n\n<h2 class=\"wp-block-heading\"><span class=\"has-inline-color has-vivid-cyan-blue-color\">Dauer der Ausbildung<\/span><\/h2>\n\n\n\n<p>Die Ausbildung bis zum allgemeinen Abitur dauert 3 Jahre. Sollten die zu erzielenden Leistungsnachweise erbracht sein, ist auch ein Abgang nach 2 Jahren mit dem schulischen Teil der Fachhochschulreife realisierbar.<\/p>\n\n\n\n<h2 class=\"wp-block-heading\"><span class=\"has-inline-color has-vivid-cyan-blue-color\">F\u00f6rderung<\/span><\/h2>\n\n\n\n<p>Unter bestimmten Voraussetzungen ist der Erhalt von Geldern nach dem Bundesausbildungsf\u00f6rderungsgesetz (BAf\u00f6G)  m\u00f6glich.<\/p>\n\n\n\n<h4 class=\"wp-block-heading\"><span class=\"has-inline-color has-vivid-cyan-blue-color\">Perspektiven<\/span><\/h4>\n\n\n\n<p>Nach dem Erhalt der allgemeinen Hochschulreife ist ein Studium an allen Universit\u00e4ten, Hochschulen, Fachhochschulen oder Berufsakademien im In- und Ausland m\u00f6glich. Auch eine duale Ausbildung mit einer Ausbildungsverk\u00fcrzung ist m\u00f6glich, wenn die Ausbildung mit den Bereichen &#8222;Wirtschaft&#8220; oder &#8222;Datenverarbeitungstechnik&#8220; korrelieren.<\/p>\n\n\n\n<h2 class=\"wp-block-heading has-text-align-center\"><span class=\"has-inline-color has-vivid-cyan-blue-color\">Wirtschaft<\/span><\/h2>\n\n\n\n<p>Im Fachbereich Wirtschaft erhalten die Sch\u00fclerinnen und Sch\u00fcler neben der Vermittlung der allgemeinbildenden Kompetenzen eine Grundbildung in den folgenden wirtschaftlichen Teilgebieten.<\/p>\n\n\n\n<ul class=\"wp-block-list\">\n<li>Au\u00dfenhandel<\/li>\n\n\n\n<li>Buchf\u00fchrung<\/li>\n\n\n\n<li>Entwicklungsl\u00e4nder<\/li>\n\n\n\n<li>Finanzierung (Eigen- und Fremdfinanzierung)<\/li>\n\n\n\n<li>Geldpolitik<\/li>\n\n\n\n<li>Grundlagen des Wirtschaftens<\/li>\n\n\n\n<li>Import und Export<\/li>\n\n\n\n<li>Inflation und Deflation<\/li>\n\n\n\n<li>Jahresabschluss (Auswertung des Jahresabschlusses, Bewertungen von Verm\u00f6gen und Schulden, Bewertungsrunds\u00e4tze, Cashflow Analyse, Rentabilit\u00e4tskennziffern)<\/li>\n\n\n\n<li>Konjunktur<\/li>\n\n\n\n<li>Konzerne und Kartelle<\/li>\n\n\n\n<li>Kosten und Leistungsrechnung (z. B. Abgrenzungsrechnung, Berechnung von Anschaffungskosten, Betriebsabrechnungsbogen, Deckungsbeitragsrechnung, Investitionsrechnung)<\/li>\n\n\n\n<li>Marketing (Produkt-, Preis-, Kommunikations- und Distributionspolitik)<\/li>\n\n\n\n<li>Markt und Preis<\/li>\n\n\n\n<li>Rechtliche Grundlagen des Wirtschaftens<\/li>\n\n\n\n<li>Rechtsformen der Unternehmungen<\/li>\n\n\n\n<li>Volkswirtschaftliche Gesamtrechnung<\/li>\n\n\n\n<li>Zustandekommen von Kaufvertr\u00e4gen<\/li>\n<\/ul>\n\n\n\n<p>Die folgende Tabelle zeigt, in welchen F\u00e4chern unsere Sch\u00fclerinnen und Sch\u00fcler jede Woche im Fachbereich Wirtschaft unterrichtet werden. Des Weiteren wird aufgelistet, wie viele Stunden sie in der Woche in den jeweiligen F\u00e4chern haben.<\/p>\n\n\n\n<figure class=\"wp-block-table aligncenter is-style-stripes\"><table><thead><tr><th class=\"has-text-align-left\" data-align=\"left\"><strong>F\u00e4cher<\/strong><\/th><th><strong>Wochen-stunden<\/strong><\/th><\/tr><\/thead><tbody><tr><td class=\"has-text-align-left\" data-align=\"left\"><strong>F\u00e4cher mit erh\u00f6htem Anforderungsniveau<\/strong><\/td><td><\/td><\/tr><tr><td class=\"has-text-align-left\" data-align=\"left\">Deutsch (DE)\/ Mathematik (MA)<\/td><td>5<\/td><\/tr><tr><td class=\"has-text-align-left\" data-align=\"left\">Englisch (EN)<\/td><td>4<\/td><\/tr><tr><td class=\"has-text-align-left\" data-align=\"left\">Biologie (BI), Chemie (CH), Physik (PH)<\/td><td>4<\/td><\/tr><tr><td class=\"has-text-align-left\" data-align=\"left\">Wirtschaft (WI)<\/td><td>4<\/td><\/tr><tr><td class=\"has-text-align-left\" data-align=\"left\"><strong>F\u00e4cher mit grundlegendem Anforderungsniveau<\/strong><\/td><td><\/td><\/tr><tr><td class=\"has-text-align-left\" data-align=\"left\">Deutsch (de)\/ Mathematik (ma)<\/td><td>3<\/td><\/tr><tr><td class=\"has-text-align-left\" data-align=\"left\">berufliche Informatik (bif)<\/td><td>2<\/td><\/tr><tr><td class=\"has-text-align-left\" data-align=\"left\">Religion (re), Ethik (et)<\/td><td>2<\/td><\/tr><tr><td class=\"has-text-align-left\" data-align=\"left\">Sport (sp)<\/td><td>2<\/td><\/tr><tr><td class=\"has-text-align-left\" data-align=\"left\">Franz\u00f6sisch (fr), Russisch (ru), Biologie (bi), Chemie (ch), Physik (ph)<\/td><td>2<\/td><\/tr><tr><td class=\"has-text-align-left\" data-align=\"left\">Volkswirtschaftslehre (vwl)<\/td><td>2<\/td><\/tr><tr><td class=\"has-text-align-left\" data-align=\"left\">Geschichte (ge)<\/td><td>2<\/td><\/tr><tr><td class=\"has-text-align-left\" data-align=\"left\">Seminarfach (sf)<\/td><td>1,5<\/td><\/tr><tr><td class=\"has-text-align-left\" data-align=\"left\"><em>fakultative Wahlf\u00e4cher<\/em><br>Biologie (bi), Chemie (ch), Physik (ph), Englisch (en), Franz\u00f6sisch (fr), Russisch (ru), Sozialkunde (sk), Informatik (if)<\/td><td>+ 2\/3<\/td><\/tr><\/tbody><\/table><\/figure>\n\n\n\n<h2 class=\"wp-block-heading has-text-align-center\"><span class=\"has-inline-color has-vivid-cyan-blue-color\">Technik (Datenverarbeitungstechnik)<\/span><\/h2>\n\n\n\n<p>Im Fachbereich Technik erhalten die Sch\u00fclerinnen und Sch\u00fcler neben der Vermittlung der allgemeinbildenden Kompetenzen eine Grundbildung in den folgenden technischen Teilgebieten.<\/p>\n\n\n\n<ul class=\"wp-block-list\">\n<li>Arbeit mit Textverarbeitungs-, Pr\u00e4sentations- und Tabellenkalkulationssoftware<\/li>\n\n\n\n<li>Betriebssysteme<\/li>\n\n\n\n<li>Datenbankentwicklung<\/li>\n\n\n\n<li>IT-Systeme<\/li>\n\n\n\n<li>Netzwerke und Netzwerkbetriebssysteme<\/li>\n\n\n\n<li>Programmierung<\/li>\n\n\n\n<li>Rechnerarchitektur und Peripherie<\/li>\n<\/ul>\n\n\n\n<p>Die Inhalte k\u00f6nnen an einigen Stellen erweitert werden. Die folgende Tabelle zeigt, in welchen F\u00e4chern unsere Sch\u00fclerinnen und Sch\u00fcler jede Woche im Fachbereich Technik unterrichtet werden. Des Weiteren wird aufgelistet, wie viele Stunden sie in der Woche in den jeweiligen F\u00e4chern haben.<\/p>\n\n\n\n<figure class=\"wp-block-table aligncenter is-style-stripes\"><table><thead><tr><th>F\u00e4cher<\/th><th>Wochenstunden<\/th><\/tr><\/thead><tbody><tr><td><strong>F\u00e4cher mit erh\u00f6htem Anforderungsniveau<\/strong><\/td><td><\/td><\/tr><tr><td>Deutsch (DE), Mathematik (MA)<\/td><td>5<\/td><\/tr><tr><td>Englisch (EN)<\/td><td>4<\/td><\/tr><tr><td>Biologie (BI), Chemie (CH), Physik (PH)<\/td><td>4<\/td><\/tr><tr><td>Technik (TE)<\/td><td>4<\/td><\/tr><tr><td><strong>F\u00e4cher mit grundlegendem Anforderungsniveau<\/strong><\/td><td><\/td><\/tr><tr><td>Deutsch (de), Mathematik (ma)<\/td><td>3<\/td><\/tr><tr><td>angewandte Technik (at)<\/td><td>2<\/td><\/tr><tr><td>Religion (re), Ethik (et)<\/td><td>2<\/td><\/tr><tr><td>Sport (sp)<\/td><td>2<\/td><\/tr><tr><td>Franz\u00f6sisch (fr), Russisch (ru), Biologie (bi), Chemie (ch), Physik (ph)<\/td><td>2<\/td><\/tr><tr><td>Betriebswirtschaftslehre (bwl)<\/td><td>2<\/td><\/tr><tr><td>Geschichte (ge)<\/td><td>2<\/td><\/tr><tr><td>Seminarfach (sf)<\/td><td>1,5<\/td><\/tr><tr><td><em>fakultative F\u00e4cher<\/em><br>Biologie (bi), Chemie (ch), Physik (ph), Englisch (en), Franz\u00f6sisch (fr), Russisch (ru), Sozialkunde (sk), Informatik (if)<\/td><td>2\/3<\/td><\/tr><\/tbody><\/table><\/figure>\n","protected":false},"excerpt":{"rendered":"<p>Tag der offenen T\u00fcr F\u00fcr weitere Informationen zum Ausbildungsgang k\u00f6nnen Sie uns auch zum Tag der offenen T\u00fcr besuchen. Alle Informationen dazu finden Sie hier. Anmeldung f\u00fcr das kommende Schuljahr Alle Informationen und den Termin zur Anmeldung finden Sie auch unter Anmeldung zum Schuljahr 2026\/2027. Das Anmeldeformular k\u00f6nnen Sie hier herunterladen. Die Anmeldung f\u00fcr das [&hellip;]<\/p>\n","protected":false},"author":1,"featured_media":0,"parent":23,"menu_order":0,"comment_status":"closed","ping_status":"closed","template":"","meta":{"_acf_changed":false,"footnotes":""},"class_list":["post-35","page","type-page","status-publish","hentry"],"acf":[],"aioseo_notices":[],"jetpack_sharing_enabled":true,"_links":{"self":[{"href":"https:\/\/sbsz-hildburghausen.de\/index.php\/wp-json\/wp\/v2\/pages\/35","targetHints":{"allow":["GET"]}}],"collection":[{"href":"https:\/\/sbsz-hildburghausen.de\/index.php\/wp-json\/wp\/v2\/pages"}],"about":[{"href":"https:\/\/sbsz-hildburghausen.de\/index.php\/wp-json\/wp\/v2\/types\/page"}],"author":[{"embeddable":true,"href":"https:\/\/sbsz-hildburghausen.de\/index.php\/wp-json\/wp\/v2\/users\/1"}],"replies":[{"embeddable":true,"href":"https:\/\/sbsz-hildburghausen.de\/index.php\/wp-json\/wp\/v2\/comments?post=35"}],"version-history":[{"count":64,"href":"https:\/\/sbsz-hildburghausen.de\/index.php\/wp-json\/wp\/v2\/pages\/35\/revisions"}],"predecessor-version":[{"id":3020,"href":"https:\/\/sbsz-hildburghausen.de\/index.php\/wp-json\/wp\/v2\/pages\/35\/revisions\/3020"}],"up":[{"embeddable":true,"href":"https:\/\/sbsz-hildburghausen.de\/index.php\/wp-json\/wp\/v2\/pages\/23"}],"wp:attachment":[{"href":"https:\/\/sbsz-hildburghausen.de\/index.php\/wp-json\/wp\/v2\/media?parent=35"}],"curies":[{"name":"wp","href":"https:\/\/api.w.org\/{rel}","templated":true}]}}