{"id":23,"date":"2020-04-19T17:13:16","date_gmt":"2020-04-19T17:13:16","guid":{"rendered":"http:\/\/sbsz-hildburghausen.de\/?page_id=23"},"modified":"2021-01-22T19:41:04","modified_gmt":"2021-01-22T19:41:04","slug":"bildungsangebot","status":"publish","type":"page","link":"https:\/\/sbsz-hildburghausen.de\/index.php\/bildungsangebot\/","title":{"rendered":"Bildungsangebot"},"content":{"rendered":"\n<p>Unsere Schule hat verschiedene Bildungsg\u00e4nge anzubieten. W\u00e4hlen Sie bitte aus, \u00fcber welchen Bildungsgang Sie sich n\u00e4her informieren m\u00f6chten.<\/p>\n\n\n\n<ul class=\"wp-block-list\"><li>Wenn Sie an einer allgemeinen Hochschulreife (Abitur) interessiert sind, dann k\u00f6nnen Sie unser <strong><a href=\"http:\/\/sbsz-hildburghausen.de\/index.php\/bildungsangebot\/berufliches-gymnasium\/\" title=\"Bildungsangebot\">berufliches Gymnasium<\/a><\/strong> besuchen.<\/li><li>Sind Sie an einer beruflichen Grundbildung oder an einem dem Realschulabschluss gleichwertigen Abschluss mit einer beruflichen Grundbildung interessiert, dann k\u00f6nnen Sie unsere <strong><a href=\"http:\/\/sbsz-hildburghausen.de\/index.php\/bildungsangebot\/berufsfachschule\/\" rel=\"nofollow\" title=\"http:\/\/sbsz-hildburghausen.de\/index.php\/bildungsangebot\/berufsfachschule\/\">Berufsfachschule<\/a><\/strong> (BFS) besuchen.<\/li><li>In unserer <strong><a href=\"http:\/\/sbsz-hildburghausen.de\/index.php\/bildungsangebot\/berufsschule\/\" rel=\"nofollow\" title=\"Bildungsangebot\">Berufsschule<\/a><\/strong> k\u00f6nnen Sie au\u00dferdem eine duale Ausbildung antreten. Hier k\u00f6nnen Sie einem dem Realschulabschluss gleichwertigen Abschluss erlangen und eine Zulassung zur Facharbeiter- oder Gesellenpr\u00fcfung erhalten. Dadurch k\u00f6nnen Ihre aufgebauten Kompetenzen durch ein Zeugnis der zust\u00e4ndigen Kammer qualifiziert werden.<\/li><li>Ein dem Hauptschulabschluss gleichwertiger Abschluss und die damit verbundene Berufsreife k\u00f6nnen Sie in unserem <strong><a href=\"http:\/\/sbsz-hildburghausen.de\/index.php\/bildungsangebot\/berufsvorbereitungsjahr\/\" rel=\"nofollow\" title=\"Bildungsangebot\">Berufsvorbereitungsjahr<\/a> <\/strong>(BVJ) erwerben.<\/li><li>Des Weiteren bilden wir verschiedene <a href=\"http:\/\/sbsz-hildburghausen.de\/index.php\/bildungsangebot\/werker-und-fachpraktiker\/\" rel=\"nofollow\" title=\"Bildungsangebot\"><strong>Werker und Fachpraktiker<\/strong><\/a> aus, welche im Anschluss \u00fcber eine berufliche Grundbildung ihres Berufs verf\u00fcgen und durch eine abgelegte Schul- und IHK-Pr\u00fcfung einen dem Realschulabschluss gleichwertigen Abschluss erlangen.<\/li><\/ul>\n","protected":false},"excerpt":{"rendered":"<p>Unsere Schule hat verschiedene Bildungsg\u00e4nge anzubieten. W\u00e4hlen Sie bitte aus, \u00fcber welchen Bildungsgang Sie sich n\u00e4her informieren m\u00f6chten. Wenn Sie an einer allgemeinen Hochschulreife (Abitur) interessiert sind, dann k\u00f6nnen Sie unser berufliches Gymnasium besuchen. Sind Sie an einer beruflichen Grundbildung oder an einem dem Realschulabschluss gleichwertigen Abschluss mit einer beruflichen Grundbildung interessiert, dann k\u00f6nnen Sie [&hellip;]<\/p>\n","protected":false},"author":1,"featured_media":0,"parent":0,"menu_order":0,"comment_status":"closed","ping_status":"closed","template":"","meta":{"_acf_changed":false,"footnotes":""},"class_list":["post-23","page","type-page","status-publish","hentry"],"acf":[],"aioseo_notices":[],"jetpack_sharing_enabled":true,"_links":{"self":[{"href":"https:\/\/sbsz-hildburghausen.de\/index.php\/wp-json\/wp\/v2\/pages\/23","targetHints":{"allow":["GET"]}}],"collection":[{"href":"https:\/\/sbsz-hildburghausen.de\/index.php\/wp-json\/wp\/v2\/pages"}],"about":[{"href":"https:\/\/sbsz-hildburghausen.de\/index.php\/wp-json\/wp\/v2\/types\/page"}],"author":[{"embeddable":true,"href":"https:\/\/sbsz-hildburghausen.de\/index.php\/wp-json\/wp\/v2\/users\/1"}],"replies":[{"embeddable":true,"href":"https:\/\/sbsz-hildburghausen.de\/index.php\/wp-json\/wp\/v2\/comments?post=23"}],"version-history":[{"count":25,"href":"https:\/\/sbsz-hildburghausen.de\/index.php\/wp-json\/wp\/v2\/pages\/23\/revisions"}],"predecessor-version":[{"id":723,"href":"https:\/\/sbsz-hildburghausen.de\/index.php\/wp-json\/wp\/v2\/pages\/23\/revisions\/723"}],"wp:attachment":[{"href":"https:\/\/sbsz-hildburghausen.de\/index.php\/wp-json\/wp\/v2\/media?parent=23"}],"curies":[{"name":"wp","href":"https:\/\/api.w.org\/{rel}","templated":true}]}}