{"id":224,"date":"2020-10-26T14:19:57","date_gmt":"2020-10-26T14:19:57","guid":{"rendered":"http:\/\/sbsz-hildburghausen.de\/?page_id=224"},"modified":"2024-11-05T09:32:31","modified_gmt":"2024-11-05T09:32:31","slug":"impressum","status":"publish","type":"page","link":"https:\/\/sbsz-hildburghausen.de\/index.php\/impressum\/","title":{"rendered":"Impressum"},"content":{"rendered":"\n<h4 class=\"wp-block-heading\"><strong>Schulleitung<\/strong><\/h4>\n\n\n\n<p>Ina Koch, OStRin<br>Wiesenstra\u00dfe 20<br>98646 Hildburghausen<br><br>Telefon: (03685) 679-1250<br>Telefax: (03685) 679-1251<br>E-Mail:<a href=\"mailto:sekretariat@sbsz-hildburghausen.de\"> inakoch@sbsz-hildburghausen.de<\/a><\/p>\n\n\n\n<h4 class=\"wp-block-heading\"><strong>Schultr\u00e4ger (Diensteanbieter im Sinne des RStV)<\/strong><\/h4>\n\n\n\n<p>Landkreis Hildburghausen<br>vertreten durch: Herr Sven Gregor, Landrat<br>Wiesenstra\u00dfe 22<br>98646 Hildburghausen<br>Telefon: (03685) 445-100<br>Telefax:(03685) 445-500<br>E-Mail: <a href=\"mailto:poststelle@lrahbn.thueringen.de\">poststelle@lrahbn.thueringen.de<\/a><\/p>\n\n\n\n<h4 class=\"wp-block-heading\"><strong>Datenschutzbeauftragter<\/strong><\/h4>\n\n\n\n<p>Zust\u00e4ndige\/r Datenschutzbeauftragte ist die Beauftragte f\u00fcr den Datenschutz des Staatlichen Schulamts S\u00fcdth\u00fcringen,<strong> Herr Immo Wahl<\/strong>, erreichbar siehe Webadresse:<br><a href=\"http:\/\/www.sbsz-hildburghausen.de\/b_impressum\/datenschutz.suedthueringen@schulamt.thueringen.de\">datenschutz.suedthueringen@schulamt.thueringen.de<\/a><\/p>\n\n\n\n<h1 class=\"wp-block-heading\">Disclaimer<\/h1>\n\n\n\n<h4 class=\"wp-block-heading\"><strong>Haftung f\u00fcr Inhalte<\/strong><\/h4>\n\n\n\n<p>Die Inhalte unserer Seiten wurden mit gr\u00f6\u00dfter Sorgfalt erstellt. F\u00fcr die Richtigkeit, Vollst\u00e4ndigkeit und Aktualit\u00e4t der Inhalte k\u00f6nnen wir jedoch keine Gew\u00e4hr \u00fcbernehmen. Als Diensteanbieter sind wir gem\u00e4\u00df \u00a7 6 Abs.1 MDStV und \u00a7 8 Abs.1 TDG f\u00fcr eigene Inhalte auf diesen Seiten nach den allgemeinen Gesetzen verantwortlich. Diensteanbieter sind jedoch nicht verpflichtet, die von ihnen \u00fcbermittelten oder gespeicherten fremden Informationen zu \u00fcberwachen oder nach Umst\u00e4nden zu forschen, die auf eine rechtswidrige T\u00e4tigkeit hinweisen. Verpflichtungen zur Entfernung oder Sperrung der Nutzung von Informationen nach den allgemeinen Gesetzen bleiben hiervon unber\u00fchrt. Eine diesbez\u00fcgliche Haftung ist jedoch erst ab dem Zeitpunkt der Kenntnis einer konkreten Rechtsverletzung m\u00f6glich. Bei bekannt werden von entsprechenden Rechtsverletzungen werden wir diese Inhalte umgehend entfernen.<\/p>\n\n\n\n<h4 class=\"wp-block-heading\"><strong>Haftung f\u00fcr Links<\/strong><\/h4>\n\n\n\n<p>Unser Angebot enth\u00e4lt Links zu externen Webseiten Dritter, auf deren Inhalte wir keinen Einfluss haben. Deshalb k\u00f6nnen wir f\u00fcr diese fremden Inhalte auch keine Gew\u00e4hr \u00fcbernehmen. F\u00fcr die Inhalte der verlinkten Seiten ist stets der jeweilige Anbieter oder Betreiber der Seiten verantwortlich. Die verlinkten Seiten wurden zum Zeitpunkt der Verlinkung auf m\u00f6gliche Rechtsverst\u00f6\u00dfe \u00fcberpr\u00fcft. Rechtswidrige Inhalte waren zum Zeitpunkt der Verlinkung nicht erkennbar. Eine permanente inhaltliche Kontrolle der verlinkten Seiten ist jedoch ohne konkrete Anhaltspunkte einer Rechtsverletzung nicht zumutbar. Werden Rechtsverletzungen bekannt, entfernen wir derartige Links umgehend.<\/p>\n\n\n\n<h4 class=\"wp-block-heading\"><strong>Urheberrecht<\/strong><\/h4>\n\n\n\n<p>Die Betreiber der Seiten sind bem\u00fcht, stets die Urheberrechte anderer zu beachten bzw. auf selbst erstellte sowie lizenzfreie Werke zur\u00fcckzugreifen. Die durch die Seitenbetreiber erstellten Inhalte und Werke auf diesen Seiten unterliegen dem deutschen Urheberrecht. Beitr\u00e4ge Dritter sind als solche gekennzeichnet. Die Vervielf\u00e4ltigung, Bearbeitung, Verbreitung und jede Art der Verwertung au\u00dferhalb der Grenzen des Urheberrechtes bed\u00fcrfen der schriftlichen Zustimmung des jeweiligen Autors bzw. Erstellers. Downloads und Kopien dieser Seite sind nur f\u00fcr den privaten, nicht kommerziellen Gebrauch gestattet.<\/p>\n\n\n\n<h4 class=\"wp-block-heading\"><strong>Datenschutz<\/strong><\/h4>\n\n\n\n<p><strong>Auf dieser Webseite (und den dazu geh\u00f6renden untergordneten Seiten, den &#8222;Subdomains&#8220;) werden keine personenbezogenen Daten gespeichert oder verarbeitet.<\/strong> Soweit auf unseren Seiten personenbezogene Daten (beispielsweise Name, Anschrift oder eMail-Adressen) erhoben w\u00fcrden, erfolgte dies soweit m\u00f6glich stets auf freiwilliger Basis. Die Nutzung der Angebote und Dienste ist, soweit m\u00f6glich, stets ohne Angabe personenbezogener Daten m\u00f6glich. Der Nutzung von im Rahmen der Impressumspflicht ver\u00f6ffentlichten Kontaktdaten durch Dritte zur \u00dcbersendung von nicht ausdr\u00fccklich angeforderter Werbung und Informationsmaterialien wird hiermit ausdr\u00fccklich widersprochen. Die Betreiber der Seiten behalten sich ausdr\u00fccklich rechtliche Schritte im Falle der unverlangten Zusendung von Werbeinformationen, etwa durch Spam-Mails, vor.<br>Quelle: Disclaimer von Rechtsanwalt S\u00f6ren Siebert<\/p>\n","protected":false},"excerpt":{"rendered":"<p>Schulleitung Ina Koch, OStRinWiesenstra\u00dfe 2098646 Hildburghausen Telefon: (03685) 679-1250Telefax: (03685) 679-1251E-Mail: inakoch@sbsz-hildburghausen.de Schultr\u00e4ger (Diensteanbieter im Sinne des RStV) Landkreis Hildburghausenvertreten durch: Herr Sven Gregor, LandratWiesenstra\u00dfe 2298646 HildburghausenTelefon: (03685) 445-100Telefax:(03685) 445-500E-Mail: poststelle@lrahbn.thueringen.de Datenschutzbeauftragter Zust\u00e4ndige\/r Datenschutzbeauftragte ist die Beauftragte f\u00fcr den Datenschutz des Staatlichen Schulamts S\u00fcdth\u00fcringen, Herr Immo Wahl, erreichbar siehe Webadresse:datenschutz.suedthueringen@schulamt.thueringen.de Disclaimer Haftung f\u00fcr Inhalte Die [&hellip;]<\/p>\n","protected":false},"author":1,"featured_media":0,"parent":0,"menu_order":0,"comment_status":"closed","ping_status":"closed","template":"","meta":{"_acf_changed":false,"footnotes":""},"class_list":["post-224","page","type-page","status-publish","hentry"],"acf":[],"aioseo_notices":[],"jetpack_sharing_enabled":true,"_links":{"self":[{"href":"https:\/\/sbsz-hildburghausen.de\/index.php\/wp-json\/wp\/v2\/pages\/224","targetHints":{"allow":["GET"]}}],"collection":[{"href":"https:\/\/sbsz-hildburghausen.de\/index.php\/wp-json\/wp\/v2\/pages"}],"about":[{"href":"https:\/\/sbsz-hildburghausen.de\/index.php\/wp-json\/wp\/v2\/types\/page"}],"author":[{"embeddable":true,"href":"https:\/\/sbsz-hildburghausen.de\/index.php\/wp-json\/wp\/v2\/users\/1"}],"replies":[{"embeddable":true,"href":"https:\/\/sbsz-hildburghausen.de\/index.php\/wp-json\/wp\/v2\/comments?post=224"}],"version-history":[{"count":7,"href":"https:\/\/sbsz-hildburghausen.de\/index.php\/wp-json\/wp\/v2\/pages\/224\/revisions"}],"predecessor-version":[{"id":2306,"href":"https:\/\/sbsz-hildburghausen.de\/index.php\/wp-json\/wp\/v2\/pages\/224\/revisions\/2306"}],"wp:attachment":[{"href":"https:\/\/sbsz-hildburghausen.de\/index.php\/wp-json\/wp\/v2\/media?parent=224"}],"curies":[{"name":"wp","href":"https:\/\/api.w.org\/{rel}","templated":true}]}}