{"id":220,"date":"2020-10-26T14:18:33","date_gmt":"2020-10-26T14:18:33","guid":{"rendered":"http:\/\/sbsz-hildburghausen.de\/?page_id=220"},"modified":"2021-01-08T18:46:59","modified_gmt":"2021-01-08T18:46:59","slug":"credits","status":"publish","type":"page","link":"https:\/\/sbsz-hildburghausen.de\/index.php\/credits\/","title":{"rendered":"Credits"},"content":{"rendered":"\n<figure class=\"wp-block-gallery aligncenter columns-3 is-cropped wp-block-gallery-1 is-layout-flex wp-block-gallery-is-layout-flex\"><ul class=\"blocks-gallery-grid\"><li class=\"blocks-gallery-item\"><figure><img loading=\"lazy\" decoding=\"async\" width=\"820\" height=\"1024\" src=\"http:\/\/sbsz-hildburghausen.de\/wp-content\/uploads\/2021\/01\/Credits1-820x1024.jpg\" alt=\"\" data-id=\"663\" data-full-url=\"http:\/\/sbsz-hildburghausen.de\/wp-content\/uploads\/2021\/01\/Credits1.jpg\" data-link=\"http:\/\/sbsz-hildburghausen.de\/index.php\/credits\/credits1\/\" class=\"wp-image-663\" srcset=\"https:\/\/sbsz-hildburghausen.de\/wp-content\/uploads\/2021\/01\/Credits1-820x1024.jpg 820w, https:\/\/sbsz-hildburghausen.de\/wp-content\/uploads\/2021\/01\/Credits1-240x300.jpg 240w, https:\/\/sbsz-hildburghausen.de\/wp-content\/uploads\/2021\/01\/Credits1-768x960.jpg 768w, https:\/\/sbsz-hildburghausen.de\/wp-content\/uploads\/2021\/01\/Credits1.jpg 998w\" sizes=\"auto, (max-width: 820px) 100vw, 820px\" \/><figcaption class=\"blocks-gallery-item__caption\">Sebastian St\u00e4dler<\/figcaption><\/figure><\/li><li class=\"blocks-gallery-item\"><figure><img loading=\"lazy\" decoding=\"async\" width=\"576\" height=\"1024\" src=\"http:\/\/sbsz-hildburghausen.de\/wp-content\/uploads\/2021\/01\/Credits2-576x1024.jpg\" alt=\"\" data-id=\"661\" data-link=\"http:\/\/sbsz-hildburghausen.de\/index.php\/credits\/credits2\/\" class=\"wp-image-661\" srcset=\"https:\/\/sbsz-hildburghausen.de\/wp-content\/uploads\/2021\/01\/Credits2-576x1024.jpg 576w, https:\/\/sbsz-hildburghausen.de\/wp-content\/uploads\/2021\/01\/Credits2-169x300.jpg 169w, https:\/\/sbsz-hildburghausen.de\/wp-content\/uploads\/2021\/01\/Credits2-768x1365.jpg 768w, https:\/\/sbsz-hildburghausen.de\/wp-content\/uploads\/2021\/01\/Credits2-864x1536.jpg 864w, https:\/\/sbsz-hildburghausen.de\/wp-content\/uploads\/2021\/01\/Credits2.jpg 1080w\" sizes=\"auto, (max-width: 576px) 100vw, 576px\" \/><figcaption class=\"blocks-gallery-item__caption\">Johannes Wollschl\u00e4ger<\/figcaption><\/figure><\/li><li class=\"blocks-gallery-item\"><figure><img loading=\"lazy\" decoding=\"async\" width=\"1024\" height=\"576\" src=\"http:\/\/sbsz-hildburghausen.de\/wp-content\/uploads\/2021\/01\/Credits3-1024x576.jpg\" alt=\"\" data-id=\"662\" data-link=\"http:\/\/sbsz-hildburghausen.de\/index.php\/credits\/credits3\/\" class=\"wp-image-662\" srcset=\"https:\/\/sbsz-hildburghausen.de\/wp-content\/uploads\/2021\/01\/Credits3-1024x576.jpg 1024w, https:\/\/sbsz-hildburghausen.de\/wp-content\/uploads\/2021\/01\/Credits3-300x169.jpg 300w, https:\/\/sbsz-hildburghausen.de\/wp-content\/uploads\/2021\/01\/Credits3-768x432.jpg 768w, https:\/\/sbsz-hildburghausen.de\/wp-content\/uploads\/2021\/01\/Credits3-1536x864.jpg 1536w, https:\/\/sbsz-hildburghausen.de\/wp-content\/uploads\/2021\/01\/Credits3-2048x1152.jpg 2048w\" sizes=\"auto, (max-width: 1024px) 100vw, 1024px\" \/><figcaption class=\"blocks-gallery-item__caption\">Carsten Strecker<\/figcaption><\/figure><\/li><\/ul><\/figure>\n\n\n\n<p>Das Seminarfachteam 19 der Klasse A18d hat im Rahmen ihrer Seminarfacharbeit im Schuljahr 2020\/21 das Webdesign erstellt. Der Au\u00dfenbetreuer und Lehrer des SBSZ Hildburghausen, Carsten Strecker, ist f\u00fcr die Inhalte der Website verantwortlich. Das SBSZ Hildburghausen bedankt sich recht herzlich f\u00fcr die geleistete Arbeit und f\u00fcr die Erstellung dieser Website.<\/p>\n","protected":false},"excerpt":{"rendered":"<p>Das Seminarfachteam 19 der Klasse A18d hat im Rahmen ihrer Seminarfacharbeit im Schuljahr 2020\/21 das Webdesign erstellt. Der Au\u00dfenbetreuer und Lehrer des SBSZ Hildburghausen, Carsten Strecker, ist f\u00fcr die Inhalte der Website verantwortlich. Das SBSZ Hildburghausen bedankt sich recht herzlich f\u00fcr die geleistete Arbeit und f\u00fcr die Erstellung dieser Website.<\/p>\n","protected":false},"author":1,"featured_media":0,"parent":0,"menu_order":0,"comment_status":"closed","ping_status":"closed","template":"","meta":{"_acf_changed":false,"footnotes":""},"class_list":["post-220","page","type-page","status-publish","hentry"],"acf":[],"aioseo_notices":[],"jetpack_sharing_enabled":true,"_links":{"self":[{"href":"https:\/\/sbsz-hildburghausen.de\/index.php\/wp-json\/wp\/v2\/pages\/220","targetHints":{"allow":["GET"]}}],"collection":[{"href":"https:\/\/sbsz-hildburghausen.de\/index.php\/wp-json\/wp\/v2\/pages"}],"about":[{"href":"https:\/\/sbsz-hildburghausen.de\/index.php\/wp-json\/wp\/v2\/types\/page"}],"author":[{"embeddable":true,"href":"https:\/\/sbsz-hildburghausen.de\/index.php\/wp-json\/wp\/v2\/users\/1"}],"replies":[{"embeddable":true,"href":"https:\/\/sbsz-hildburghausen.de\/index.php\/wp-json\/wp\/v2\/comments?post=220"}],"version-history":[{"count":4,"href":"https:\/\/sbsz-hildburghausen.de\/index.php\/wp-json\/wp\/v2\/pages\/220\/revisions"}],"predecessor-version":[{"id":689,"href":"https:\/\/sbsz-hildburghausen.de\/index.php\/wp-json\/wp\/v2\/pages\/220\/revisions\/689"}],"wp:attachment":[{"href":"https:\/\/sbsz-hildburghausen.de\/index.php\/wp-json\/wp\/v2\/media?parent=220"}],"curies":[{"name":"wp","href":"https:\/\/api.w.org\/{rel}","templated":true}]}}