{"id":122,"date":"2020-04-21T20:53:36","date_gmt":"2020-04-21T20:53:36","guid":{"rendered":"http:\/\/sbsz-hildburghausen.de\/?page_id=122"},"modified":"2021-01-23T18:41:46","modified_gmt":"2021-01-23T18:41:46","slug":"studentische-verbindungen","status":"publish","type":"page","link":"https:\/\/sbsz-hildburghausen.de\/index.php\/ueber-uns\/studentische-verbindungen\/","title":{"rendered":"Studentische Verbindungen"},"content":{"rendered":"\n<div class=\"wp-block-image\"><figure class=\"aligncenter size-large\"><img loading=\"lazy\" decoding=\"async\" width=\"250\" height=\"349\" src=\"http:\/\/sbsz-hildburghausen.de\/wp-content\/uploads\/2021\/01\/studentische-Verbindungen.jpg\" alt=\"\" class=\"wp-image-509\" srcset=\"https:\/\/sbsz-hildburghausen.de\/wp-content\/uploads\/2021\/01\/studentische-Verbindungen.jpg 250w, https:\/\/sbsz-hildburghausen.de\/wp-content\/uploads\/2021\/01\/studentische-Verbindungen-215x300.jpg 215w\" sizes=\"auto, (max-width: 250px) 100vw, 250px\" \/><figcaption>Couleurkarte der studentischen Verbindungen<\/figcaption><\/figure><\/div>\n\n\n\n<p>Von Anfang lagen dem Gr\u00fcnder und Direktor des Technikums, Harmsen Wilhelm Rathke, und anderen Dozenten viel daran, dass ihre Studenten die M\u00f6glichkeit hatten, studentischen Verbindungen beizutreten. Sie unterst\u00fctzten die Studenten w\u00e4hrend ihres Studiums, das oft fern der Heimat stattfand. So gab es schon in Sondershausen ab 1876 einen &#8222;Wissenschaftlichen Verein&#8220;. Vorbild daf\u00fcr waren die Fechterschaften &#8222;Cimbria&#8220; und &#8222;Teutonia&#8220; in Einbeck und sp\u00e4ter in Sondershausen. 1877 wurde die S\u00e4ngerschaft &#8222;Concordia&#8220; gegr\u00fcndet, aus der 1888 die S\u00e4ngerschaft &#8222;Euphnia&#8220; hervorging. Nur die &#8222;Concordia&#8220; und der &#8222;Wissenschaftliche Verein&#8220; siedelten mit dem Technikum nach Hildburghausen um. Letztere trug erst ab 1889 die Farben schwarz-wei\u00df-gr\u00fcn und eine M\u00fctze in gr\u00fcn.<\/p>\n\n\n\n<p>Bedingt durch den Zuwachs an Studenten vor allem im letzten Jahrzehnt des 19. Jahrhunderts und durch die zahlreichen Wechsel von Fachrichtungen und Studenten von anderen Hochschulstandorten entstanden viele weitere studentischen Verbindungen, die sich auch Burschenschaften nannten. Jede Verbindung hatte eine bestimmte Farbkombination, die zu den Zusammenk\u00fcnften getragen wurde und auch heute noch getragen wird.<\/p>\n\n\n\n<p>Ein wesentlicher Einschnitt war die Gleichschaltung aller Studenten unter dem Hakenkreuz und die damit verbundene Zwangsaufl\u00f6sung oder auch Verbot der studentischen Verbindungen ab etwa 1936. Die ab 1945 durchgef\u00fchrte Teilung lie\u00df ein Aufleben dieser studentischen Traditionen im Osten unm\u00f6glich werden.<\/p>\n\n\n\n<p>Nach dem Krieg konnten von den ehemaligen zehn Verbindungen drei reaktiviert werden.- die TV Bauh\u00fctte zu Kassel (1958), die CStV Unitas zu Wuppertal (1952) und die Rhenania zu Friedberg (1953). Die ehemaligen Studierenden der nicht reaktivierten Verbindungen schlossen sich 1963 zum \u201eVerband ehemaliger Studierender des Technikums in Hildburghausen (VESTH)\u201c zusammen. 1964 erfolgte unter der Patenschaft des VESTH die Gr\u00fcndung der Ingenieur-Verbindung Hildburgia zu Coburg.1965 \u00fcbergab der VESTH im Rahmen einer Feierstunde, zu der ca. 500 Personen anwesend waren, die Tradition des Technikums &#8211; bzw. der 1946 aufgel\u00f6sten staatlichen Ingenieurschule Hildburghausen &#8211; an das damalige Polytechnikum in Coburg. Im Rahmen der Feierstunde wurde eine Gedenktafel enth\u00fcllt, die diesen Anlass w\u00fcrdigt und den Wahlspruch des Gr\u00fcnders tr\u00e4gt: \u201eSegen ist der M\u00fche Preis\u201c.<\/p>\n\n\n\n<p>Hohes Alter und Krankheiten hinterlie\u00dfen auch bei den Ehemaligen ihre Spuren. Um die Amtsgesch\u00e4fte an J\u00fcngere abzugeben und um den Zusammenhalt der reaktivierten Verbindungen zu f\u00f6rdern, wurde der \u201eHildburgh\u00e4user Freundschaftsbund (HFB)\u201c gegr\u00fcndet, dem die Verbindungen <a href=\"http:\/\/www.tvbauhuette.de\/\" target=\"_blank\" rel=\"noreferrer noopener\">TV Bauh\u00fctte<\/a> zu Kassel, <a href=\"http:\/\/hildburgia.de\/\" target=\"_blank\" rel=\"noreferrer noopener\">IV Hildburghia<\/a> zu Coburg und <a href=\"https:\/\/www.unitas.de\/\" target=\"_blank\" rel=\"noreferrer noopener\">CStV Unitas<\/a> zu Wuppertal angeh\u00f6ren. Der HFB \u00fcbernahm die Kontaktpflege zum ehemaligen Studienort und richtet seit der Wiedervereinigung regelm\u00e4\u00dfig Zusammenk\u00fcnfte in Hildburghausen aus. Tatkr\u00e4ftige Unterst\u00fctzung bei den Aktivit\u00e4ten des Staatlichen Berufsbildenden Schulzentrums Hildburghausen und damit auch des ehemaligen Technikums ist hier bis heute ein selbst auferlegter Pflichtteil der Verbindungen des HFB.<\/p>\n","protected":false},"excerpt":{"rendered":"<p>Von Anfang lagen dem Gr\u00fcnder und Direktor des Technikums, Harmsen Wilhelm Rathke, und anderen Dozenten viel daran, dass ihre Studenten die M\u00f6glichkeit hatten, studentischen Verbindungen beizutreten. Sie unterst\u00fctzten die Studenten w\u00e4hrend ihres Studiums, das oft fern der Heimat stattfand. So gab es schon in Sondershausen ab 1876 einen &#8222;Wissenschaftlichen Verein&#8220;. Vorbild daf\u00fcr waren die Fechterschaften [&hellip;]<\/p>\n","protected":false},"author":1,"featured_media":0,"parent":112,"menu_order":0,"comment_status":"closed","ping_status":"closed","template":"","meta":{"_acf_changed":false,"footnotes":""},"class_list":["post-122","page","type-page","status-publish","hentry"],"acf":[],"aioseo_notices":[],"jetpack_sharing_enabled":true,"_links":{"self":[{"href":"https:\/\/sbsz-hildburghausen.de\/index.php\/wp-json\/wp\/v2\/pages\/122","targetHints":{"allow":["GET"]}}],"collection":[{"href":"https:\/\/sbsz-hildburghausen.de\/index.php\/wp-json\/wp\/v2\/pages"}],"about":[{"href":"https:\/\/sbsz-hildburghausen.de\/index.php\/wp-json\/wp\/v2\/types\/page"}],"author":[{"embeddable":true,"href":"https:\/\/sbsz-hildburghausen.de\/index.php\/wp-json\/wp\/v2\/users\/1"}],"replies":[{"embeddable":true,"href":"https:\/\/sbsz-hildburghausen.de\/index.php\/wp-json\/wp\/v2\/comments?post=122"}],"version-history":[{"count":8,"href":"https:\/\/sbsz-hildburghausen.de\/index.php\/wp-json\/wp\/v2\/pages\/122\/revisions"}],"predecessor-version":[{"id":835,"href":"https:\/\/sbsz-hildburghausen.de\/index.php\/wp-json\/wp\/v2\/pages\/122\/revisions\/835"}],"up":[{"embeddable":true,"href":"https:\/\/sbsz-hildburghausen.de\/index.php\/wp-json\/wp\/v2\/pages\/112"}],"wp:attachment":[{"href":"https:\/\/sbsz-hildburghausen.de\/index.php\/wp-json\/wp\/v2\/media?parent=122"}],"curies":[{"name":"wp","href":"https:\/\/api.w.org\/{rel}","templated":true}]}}