{"id":114,"date":"2020-04-21T20:51:13","date_gmt":"2020-04-21T20:51:13","guid":{"rendered":"http:\/\/sbsz-hildburghausen.de\/?page_id=114"},"modified":"2021-01-24T20:23:53","modified_gmt":"2021-01-24T20:23:53","slug":"haus-1","status":"publish","type":"page","link":"https:\/\/sbsz-hildburghausen.de\/index.php\/ueber-uns\/haus-1\/","title":{"rendered":"Haus 1"},"content":{"rendered":"\n<div class=\"wp-block-jetpack-slideshow aligncenter\" data-autoplay=\"true\" data-delay=\"5\" data-effect=\"fade\"><div class=\"wp-block-jetpack-slideshow_container swiper-container\"><ul class=\"wp-block-jetpack-slideshow_swiper-wrapper swiper-wrapper\"><li class=\"wp-block-jetpack-slideshow_slide swiper-slide\"><figure><img loading=\"lazy\" decoding=\"async\" width=\"450\" height=\"338\" alt=\"\" class=\"wp-block-jetpack-slideshow_image wp-image-305\" data-id=\"305\" src=\"http:\/\/sbsz-hildburghausen.de\/wp-content\/uploads\/2020\/12\/haus_1.jpg\" srcset=\"https:\/\/sbsz-hildburghausen.de\/wp-content\/uploads\/2020\/12\/haus_1.jpg 450w, https:\/\/sbsz-hildburghausen.de\/wp-content\/uploads\/2020\/12\/haus_1-300x225.jpg 300w\" sizes=\"(max-width: 450px) 100vw, 450px\" \/><figcaption class=\"wp-block-jetpack-slideshow_caption gallery-caption\">Haus 1, Wiesenstra\u00dfe 20<\/figcaption><\/figure><\/li><li class=\"wp-block-jetpack-slideshow_slide swiper-slide\"><figure><img loading=\"lazy\" decoding=\"async\" width=\"384\" height=\"198\" alt=\"\" class=\"wp-block-jetpack-slideshow_image wp-image-377\" data-id=\"377\" src=\"http:\/\/sbsz-hildburghausen.de\/wp-content\/uploads\/2020\/12\/thalle_aussen.jpg\" srcset=\"https:\/\/sbsz-hildburghausen.de\/wp-content\/uploads\/2020\/12\/thalle_aussen.jpg 384w, https:\/\/sbsz-hildburghausen.de\/wp-content\/uploads\/2020\/12\/thalle_aussen-300x155.jpg 300w\" sizes=\"(max-width: 384px) 100vw, 384px\" \/><figcaption class=\"wp-block-jetpack-slideshow_caption gallery-caption\">Haus 1, Turnhalle<\/figcaption><\/figure><\/li><li class=\"wp-block-jetpack-slideshow_slide swiper-slide\"><figure><img loading=\"lazy\" decoding=\"async\" width=\"1024\" height=\"1024\" alt=\"\" class=\"wp-block-jetpack-slideshow_image wp-image-20\" data-id=\"20\" src=\"http:\/\/sbsz-hildburghausen.de\/wp-content\/uploads\/2020\/04\/sbsz-logo-clean-1zu1-1024x1024.png\" srcset=\"https:\/\/sbsz-hildburghausen.de\/wp-content\/uploads\/2020\/04\/sbsz-logo-clean-1zu1-1024x1024.png 1024w, https:\/\/sbsz-hildburghausen.de\/wp-content\/uploads\/2020\/04\/sbsz-logo-clean-1zu1-300x300.png 300w, https:\/\/sbsz-hildburghausen.de\/wp-content\/uploads\/2020\/04\/sbsz-logo-clean-1zu1-150x150.png 150w, https:\/\/sbsz-hildburghausen.de\/wp-content\/uploads\/2020\/04\/sbsz-logo-clean-1zu1-768x768.png 768w, https:\/\/sbsz-hildburghausen.de\/wp-content\/uploads\/2020\/04\/sbsz-logo-clean-1zu1-1536x1536.png 1536w, https:\/\/sbsz-hildburghausen.de\/wp-content\/uploads\/2020\/04\/sbsz-logo-clean-1zu1.png 2000w\" sizes=\"(max-width: 1024px) 100vw, 1024px\" \/><figcaption class=\"wp-block-jetpack-slideshow_caption gallery-caption\">Logo<\/figcaption><\/figure><\/li><li class=\"wp-block-jetpack-slideshow_slide swiper-slide\"><figure><img loading=\"lazy\" decoding=\"async\" width=\"1024\" height=\"683\" alt=\"\" class=\"wp-block-jetpack-slideshow_image wp-image-272\" data-id=\"272\" src=\"http:\/\/sbsz-hildburghausen.de\/wp-content\/uploads\/2020\/11\/IMG_3989-1024x683.jpg\" srcset=\"https:\/\/sbsz-hildburghausen.de\/wp-content\/uploads\/2020\/11\/IMG_3989-1024x683.jpg 1024w, https:\/\/sbsz-hildburghausen.de\/wp-content\/uploads\/2020\/11\/IMG_3989-300x200.jpg 300w, https:\/\/sbsz-hildburghausen.de\/wp-content\/uploads\/2020\/11\/IMG_3989-768x512.jpg 768w, https:\/\/sbsz-hildburghausen.de\/wp-content\/uploads\/2020\/11\/IMG_3989-1536x1024.jpg 1536w, https:\/\/sbsz-hildburghausen.de\/wp-content\/uploads\/2020\/11\/IMG_3989-2048x1365.jpg 2048w\" sizes=\"(max-width: 1024px) 100vw, 1024px\" \/><figcaption class=\"wp-block-jetpack-slideshow_caption gallery-caption\">Abschlussklasse<\/figcaption><\/figure><\/li><li class=\"wp-block-jetpack-slideshow_slide swiper-slide\"><figure><img loading=\"lazy\" decoding=\"async\" width=\"1024\" height=\"683\" alt=\"\" class=\"wp-block-jetpack-slideshow_image wp-image-271\" data-id=\"271\" src=\"http:\/\/sbsz-hildburghausen.de\/wp-content\/uploads\/2020\/11\/IMG_3985-1024x683.jpg\" srcset=\"https:\/\/sbsz-hildburghausen.de\/wp-content\/uploads\/2020\/11\/IMG_3985-1024x683.jpg 1024w, https:\/\/sbsz-hildburghausen.de\/wp-content\/uploads\/2020\/11\/IMG_3985-300x200.jpg 300w, https:\/\/sbsz-hildburghausen.de\/wp-content\/uploads\/2020\/11\/IMG_3985-768x512.jpg 768w, https:\/\/sbsz-hildburghausen.de\/wp-content\/uploads\/2020\/11\/IMG_3985-1536x1024.jpg 1536w, https:\/\/sbsz-hildburghausen.de\/wp-content\/uploads\/2020\/11\/IMG_3985-2048x1365.jpg 2048w\" sizes=\"(max-width: 1024px) 100vw, 1024px\" \/><figcaption class=\"wp-block-jetpack-slideshow_caption gallery-caption\">Abschlussklasse<\/figcaption><\/figure><\/li><\/ul><a class=\"wp-block-jetpack-slideshow_button-prev swiper-button-prev swiper-button-white\" role=\"button\"><\/a><a class=\"wp-block-jetpack-slideshow_button-next swiper-button-next swiper-button-white\" role=\"button\"><\/a><a aria-label=\"Pause Slideshow\" class=\"wp-block-jetpack-slideshow_button-pause\" role=\"button\"><\/a><div class=\"wp-block-jetpack-slideshow_pagination swiper-pagination swiper-pagination-white\"><\/div><\/div><\/div>\n\n\n\n<h4 class=\"wp-block-heading\">Das SBSZ Hildburghausen in der Wiesenstra\u00dfe 20<\/h4>\n\n\n\n<p>Im Landkreis Hildburghausen gab es nach der Wende vier Berufsschulstandorte. Die Holztechnik war in Themar angesiedelt, die Metalltechnik und die Berufe in Farbtechnik und Raumgestaltung in Eisfeld, der Bereich Gastronomie und Hauswirtschaft auf dem Betriebsgel\u00e4nde der &#8222;Schraube&#8220;, einem ehemals volkseigenen Betrieb gut 500 Meter entfernt vom Neuen Technikum. Im ehemaligen Technikum befindet sich das Berufsfeld Wirtschaft und Verwaltung und beherbergte als Stammhaus die Schulleitung. Der kleine Vorteil, \u00fcberschaubare Einheiten zu haben, wurde mehr als wett gemacht von den organisatorischen Problemen des Schulalltags. Die Berufsbildung litt unter den schlechten Raumbedingungen, neue Technik und Maschinen konnten nur mangelhaft untergebracht werden. Alle Standorte h\u00e4tten \u00fcber kurz oder lang aufw\u00e4ndig rekonstruiert werden m\u00fcssen, mit dem Ergebnis, dass die organisatorischen Probleme geblieben w\u00e4ren und auch die Raumnot dadurch nicht h\u00e4tte behoben werden k\u00f6nnen.<\/p>\n\n\n\n<p>So wurde am 06.09.1994 im Kreistag beschlossen, ein Berufsschulzentrum zu errichten, das sich in einem gro\u00dfen Geb\u00e4ude &#8211; dem Neubau an der Wiesenstra\u00dfe &#8211; und in dem erhaltenswerten Technikum befindet. Die Planungen umfassten auch den Bau einer 2-Felder-Sporthalle, die mit der Schlusssteinlegung im Technikum dem berufsbildenden Schulzentrum \u00fcbergeben wurde. Der Bau wurde in einer Rekordzeit von 12 Monaten errichtet, seine drei Stockwerke sind winklig zueinander angeordnet. Blickfang des Geb\u00e4udes ist die Aula \u00fcber dem Haupteingang, die durch einen gekippten Glasw\u00fcrfel eine besondere Optik erh\u00e4lt. Sie hat sich bei zahlreichen Veranstaltungen, die auch \u00fcber\u00f6rtlichen Charakter haben, bew\u00e4hrt. Im Eingangsbereich befindet sich auf der linken Seite eine Cafeteria, ein beliebter Treffpunkt f\u00fcr Sch\u00fcler, Auszubildende und Lehrer beider Schulh\u00e4user. Die gr\u00f6\u00dferen Fachr\u00e4ume befinden sich im Erdgeschoss, die kleinen Fachr\u00e4ume und die zur Verwaltung z\u00e4hlenden R\u00e4ume dar\u00fcber. Im obersten Stockwerk sind im wesentlichen Klassenzimmer zu finden.&nbsp;<\/p>\n\n\n\n<h4 class=\"wp-block-heading\">Das Staatliche Berufsbildende Schulzentrum in Zahlen<\/h4>\n\n\n\n<figure class=\"wp-block-table is-style-stripes\"><table><thead><tr><th>Geschehnis<\/th><th>Datum<\/th><\/tr><\/thead><tbody><tr><td>Spatenstich<\/td><td>10.10.1997<\/td><\/tr><tr><td>Grundsteinlegung<\/td><td>05.12.1997<\/td><\/tr><tr><td>Richtfest<\/td><td>06.03.1998<\/td><\/tr><tr><td>Unterrichtsbeginn<\/td><td>02.11.1998<\/td><\/tr><tr><td>Einweihung Neubau u. Namensgebung SBZ (seit 2010 SBSZ)<\/td><td>02.12.1998<\/td><\/tr><tr><td>Einweihung Sporthalle und Abschluss der Rekonstruktion des Neuen Technikums<\/td><td>18.09.2000<\/td><\/tr><\/tbody><\/table><\/figure>\n\n\n\n<p>Das Schulkomplex ist f\u00fcr bis zu 1300 Auszubildende ausgelegt.<\/p>\n\n\n\n<h4 class=\"wp-block-heading\">Sporthalle mit Au\u00dfenanlage<\/h4>\n\n\n\n<div class=\"wp-block-image\"><figure class=\"aligncenter size-large\"><img loading=\"lazy\" decoding=\"async\" width=\"384\" height=\"198\" src=\"http:\/\/sbsz-hildburghausen.de\/wp-content\/uploads\/2020\/12\/thalle_aussen.jpg\" alt=\"\" class=\"wp-image-377\" srcset=\"https:\/\/sbsz-hildburghausen.de\/wp-content\/uploads\/2020\/12\/thalle_aussen.jpg 384w, https:\/\/sbsz-hildburghausen.de\/wp-content\/uploads\/2020\/12\/thalle_aussen-300x155.jpg 300w\" sizes=\"auto, (max-width: 384px) 100vw, 384px\" \/><\/figure><\/div>\n\n\n\n<p>Hinter dem Haus 1 wurde nach der Fertigstellung des Hauses 1 und parallel zur Rekonstruktion des Technikums eine 2-Felder-Sporthalle gebaut. Sie wird nicht nur von den Sch\u00fclerinnen und Sch\u00fclern des SBSZ genutzt, sondern Vereine und andere Organisationen k\u00f6nnen sie nutzen. Westlich davon entstanden die f\u00fcr Leichtathletik und Ballspiele genutzten Au\u00dfenanlagen.<\/p>\n\n\n\n<h4 class=\"wp-block-heading\">Planung, Entwurf, Neubau und Sporthalle<\/h4>\n\n\n\n<p>Wir bedanken uns bei Architekturb\u00fcro Ludwig (Hauptstra\u00dfe 325, 98530 Suhl-Wichtshausen) f\u00fcr die Planung, den Entwurf und den Neubau des SBSZ Hildburghausen und der dazugeh\u00f6rigen Sporthalle.<\/p>\n","protected":false},"excerpt":{"rendered":"<p>Das SBSZ Hildburghausen in der Wiesenstra\u00dfe 20 Im Landkreis Hildburghausen gab es nach der Wende vier Berufsschulstandorte. Die Holztechnik war in Themar angesiedelt, die Metalltechnik und die Berufe in Farbtechnik und Raumgestaltung in Eisfeld, der Bereich Gastronomie und Hauswirtschaft auf dem Betriebsgel\u00e4nde der &#8222;Schraube&#8220;, einem ehemals volkseigenen Betrieb gut 500 Meter entfernt vom Neuen Technikum. [&hellip;]<\/p>\n","protected":false},"author":1,"featured_media":0,"parent":112,"menu_order":0,"comment_status":"closed","ping_status":"closed","template":"","meta":{"_acf_changed":false,"footnotes":""},"class_list":["post-114","page","type-page","status-publish","hentry"],"acf":[],"aioseo_notices":[],"jetpack_sharing_enabled":true,"_links":{"self":[{"href":"https:\/\/sbsz-hildburghausen.de\/index.php\/wp-json\/wp\/v2\/pages\/114","targetHints":{"allow":["GET"]}}],"collection":[{"href":"https:\/\/sbsz-hildburghausen.de\/index.php\/wp-json\/wp\/v2\/pages"}],"about":[{"href":"https:\/\/sbsz-hildburghausen.de\/index.php\/wp-json\/wp\/v2\/types\/page"}],"author":[{"embeddable":true,"href":"https:\/\/sbsz-hildburghausen.de\/index.php\/wp-json\/wp\/v2\/users\/1"}],"replies":[{"embeddable":true,"href":"https:\/\/sbsz-hildburghausen.de\/index.php\/wp-json\/wp\/v2\/comments?post=114"}],"version-history":[{"count":13,"href":"https:\/\/sbsz-hildburghausen.de\/index.php\/wp-json\/wp\/v2\/pages\/114\/revisions"}],"predecessor-version":[{"id":881,"href":"https:\/\/sbsz-hildburghausen.de\/index.php\/wp-json\/wp\/v2\/pages\/114\/revisions\/881"}],"up":[{"embeddable":true,"href":"https:\/\/sbsz-hildburghausen.de\/index.php\/wp-json\/wp\/v2\/pages\/112"}],"wp:attachment":[{"href":"https:\/\/sbsz-hildburghausen.de\/index.php\/wp-json\/wp\/v2\/media?parent=114"}],"curies":[{"name":"wp","href":"https:\/\/api.w.org\/{rel}","templated":true}]}}