{"id":112,"date":"2020-04-21T20:50:26","date_gmt":"2020-04-21T20:50:26","guid":{"rendered":"http:\/\/sbsz-hildburghausen.de\/?page_id=112"},"modified":"2021-01-23T12:52:51","modified_gmt":"2021-01-23T12:52:51","slug":"ueber-uns","status":"publish","type":"page","link":"https:\/\/sbsz-hildburghausen.de\/index.php\/ueber-uns\/","title":{"rendered":"\u00dcber Uns"},"content":{"rendered":"\n<p>Wenn Sie uns besser kennenlernen wollen, k\u00f6nnen Sie sich gerne in diesem Bereich umsehen. In unserem <a href=\"http:\/\/sbsz-hildburghausen.de\/index.php\/ueber-uns\/unser-leitbild\/\" rel=\"nofollow\">Leitbild<\/a> zeigen wir auf, welche Werte und Normen unseren Schulalltag pr\u00e4gen. Au\u00dferdem k\u00f6nnen sie alle Fakten \u00fcber das <a href=\"http:\/\/sbsz-hildburghausen.de\/index.php\/ueber-uns\/haus-1\/\" rel=\"nofollow\" title=\"\u00dcber Uns\">Haus 1<\/a> und die geschichtstr\u00e4chtige Vergangenheit des <a href=\"http:\/\/sbsz-hildburghausen.de\/index.php\/ueber-uns\/haus-2\/\" rel=\"nofollow\">Haus 2<\/a> nachschlagen. Sollten sie an dem Personal interessiert sein, dann stellt sich dieses unter <a href=\"http:\/\/sbsz-hildburghausen.de\/index.php\/ueber-uns\/kollegium\/\" rel=\"nofollow\">Kollegium<\/a> f\u00fcr sie vor. Wenn sie uns, unsere Arbeit und unsere Sch\u00fclerinnen und Sch\u00fcler unterst\u00fctzen m\u00f6chten, dann treten sie doch unseren <a href=\"http:\/\/sbsz-hildburghausen.de\/index.php\/ueber-uns\/foerderverein\/\" rel=\"nofollow\">F\u00f6rderverein<\/a> bei. Sind sie hingegen an unseren <a href=\"http:\/\/sbsz-hildburghausen.de\/index.php\/ueber-uns\/studentische-verbindungen\/\" rel=\"nofollow\">studentischen Verbindungen<\/a> interessiert, dann k\u00f6nnen sie auch diesen Bereich n\u00e4her kennenlernen.<\/p>\n","protected":false},"excerpt":{"rendered":"<p>Wenn Sie uns besser kennenlernen wollen, k\u00f6nnen Sie sich gerne in diesem Bereich umsehen. In unserem Leitbild zeigen wir auf, welche Werte und Normen unseren Schulalltag pr\u00e4gen. Au\u00dferdem k\u00f6nnen sie alle Fakten \u00fcber das Haus 1 und die geschichtstr\u00e4chtige Vergangenheit des Haus 2 nachschlagen. Sollten sie an dem Personal interessiert sein, dann stellt sich dieses [&hellip;]<\/p>\n","protected":false},"author":1,"featured_media":0,"parent":0,"menu_order":0,"comment_status":"closed","ping_status":"closed","template":"","meta":{"_acf_changed":false,"footnotes":""},"class_list":["post-112","page","type-page","status-publish","hentry"],"acf":[],"aioseo_notices":[],"jetpack_sharing_enabled":true,"_links":{"self":[{"href":"https:\/\/sbsz-hildburghausen.de\/index.php\/wp-json\/wp\/v2\/pages\/112","targetHints":{"allow":["GET"]}}],"collection":[{"href":"https:\/\/sbsz-hildburghausen.de\/index.php\/wp-json\/wp\/v2\/pages"}],"about":[{"href":"https:\/\/sbsz-hildburghausen.de\/index.php\/wp-json\/wp\/v2\/types\/page"}],"author":[{"embeddable":true,"href":"https:\/\/sbsz-hildburghausen.de\/index.php\/wp-json\/wp\/v2\/users\/1"}],"replies":[{"embeddable":true,"href":"https:\/\/sbsz-hildburghausen.de\/index.php\/wp-json\/wp\/v2\/comments?post=112"}],"version-history":[{"count":10,"href":"https:\/\/sbsz-hildburghausen.de\/index.php\/wp-json\/wp\/v2\/pages\/112\/revisions"}],"predecessor-version":[{"id":801,"href":"https:\/\/sbsz-hildburghausen.de\/index.php\/wp-json\/wp\/v2\/pages\/112\/revisions\/801"}],"wp:attachment":[{"href":"https:\/\/sbsz-hildburghausen.de\/index.php\/wp-json\/wp\/v2\/media?parent=112"}],"curies":[{"name":"wp","href":"https:\/\/api.w.org\/{rel}","templated":true}]}}