{"id":110,"date":"2020-04-21T20:49:57","date_gmt":"2020-04-21T20:49:57","guid":{"rendered":"http:\/\/sbsz-hildburghausen.de\/?page_id=110"},"modified":"2021-01-26T10:50:59","modified_gmt":"2021-01-26T10:50:59","slug":"unser-leitbild","status":"publish","type":"page","link":"https:\/\/sbsz-hildburghausen.de\/index.php\/ueber-uns\/unser-leitbild\/","title":{"rendered":"Unser Leitbild"},"content":{"rendered":"\n<h4 class=\"wp-block-heading\"><span class=\"has-inline-color has-vivid-cyan-blue-color\">Schulprofil<\/span><\/h4>\n\n\n\n<p>Wir sind eine Schule mit einer \u00fcber 100 Jahre alten Tradition. Unser Standort versteht sich als Kompetenzzentrum. Das Bildungsangebot spiegelt den Bedarf der Arbeitswelt in unserer Region wider und reagiert auf Trends der Wirtschaft. Wir bieten jungen Menschen sowohl den schulischen Teil ihrer Ausbildung in den Bereichen Holz, Metall, Lager sowie Wirtschaft\/Verwaltung als auch allgemeinbildende Abschl\u00fcsse bis zum Abitur mit den Schwerpunkten Technik sowie Wirtschaft\/Verwaltung an. Als Ciscozertifizierte Schule erm\u00f6glichen wir unseren Sch\u00fclerinnen und Sch\u00fclern den Einstieg in die stetig weiter wachsenden Anwendungen der Netzwerktechnologien und somit eine international anerkannte Zertifizierung. Des Weiteren sind wir ein Teil des Netzwerks Europa und sehen es als Europaschule als unsere Pflicht an, immer wieder neue Verkn\u00fcpfungen in diesem Netz zu suchen und auszubauen.<\/p>\n\n\n\n<h4 class=\"wp-block-heading\"><span class=\"has-inline-color has-vivid-cyan-blue-color\">Lehren und Lernen<\/span><\/h4>\n\n\n\n<p>P\u00e4dagogische Kompetenzen und ein hohes Ma\u00df an fachlichem Wissen gew\u00e4hrleisten eine hohe Qualit\u00e4t des Unterrichtes an unserer Schule. Pers\u00f6nlichkeitsbildung, Teamf\u00e4higkeit, Leistungsbereitschaft und Kreativit\u00e4t sind Eckpfeiler unserer Arbeit. Wir legen gro\u00dfen Wert auf die individuelle F\u00f6rderung unserer Sch\u00fclerinnen und Sch\u00fcler.<\/p>\n\n\n\n<h4 class=\"wp-block-heading\"><span class=\"has-inline-color has-vivid-cyan-blue-color\">Schulklima und Schulkultur<\/span><\/h4>\n\n\n\n<p>Wir schaffen in unserem Umfeld Bedingungen, die ein Wohlf\u00fchlen aller erm\u00f6glichen. Gemeinsam gestalten wir ein europaorientiertes und gemeinschaftsf\u00f6rderndes Schulleben und legen dabei gro\u00dfen Wert auf einen respektvollen und wertsch\u00e4tzenden Umgang miteinander.<\/p>\n\n\n\n<h4 class=\"wp-block-heading\"><span class=\"has-inline-color has-vivid-cyan-blue-color\">F\u00fchrung und Management<\/span><\/h4>\n\n\n\n<p>Transparenz bei Entscheidungen und Ressourcenvergaben ist f\u00fcr uns Grundlage der gemeinsamen Arbeit. Unsere Schulleitung w\u00fcrdigt Leistungen durch Lob und Anerkennung. Die Aufgaben der erweiterten Schulleitung sind klar definiert und erg\u00e4nzen sich auf den einzelnen Ebenen. Die Fachschaftsleiter unterst\u00fctzen und beraten ihre Kolleginnen und Kollegen bei allen schulischen Angelegenheiten.<\/p>\n\n\n\n<h4 class=\"wp-block-heading\"><span class=\"has-inline-color has-vivid-cyan-blue-color\">Kooperation<\/span><\/h4>\n\n\n\n<p>Wir pflegen intensive Kooperationsbeziehungen zu unserer Partnerschule in Belarus. Die enge Zusammenarbeit mit Eltern, Betrieben und anderen Kooperationspartnern bildet die Basis f\u00fcr eine erfolgreiche Schulentwicklung.<\/p>\n","protected":false},"excerpt":{"rendered":"<p>Schulprofil Wir sind eine Schule mit einer \u00fcber 100 Jahre alten Tradition. Unser Standort versteht sich als Kompetenzzentrum. Das Bildungsangebot spiegelt den Bedarf der Arbeitswelt in unserer Region wider und reagiert auf Trends der Wirtschaft. Wir bieten jungen Menschen sowohl den schulischen Teil ihrer Ausbildung in den Bereichen Holz, Metall, Lager sowie Wirtschaft\/Verwaltung als auch [&hellip;]<\/p>\n","protected":false},"author":1,"featured_media":0,"parent":112,"menu_order":0,"comment_status":"closed","ping_status":"closed","template":"","meta":{"_acf_changed":false,"footnotes":""},"class_list":["post-110","page","type-page","status-publish","hentry"],"acf":[],"aioseo_notices":[],"jetpack_sharing_enabled":true,"_links":{"self":[{"href":"https:\/\/sbsz-hildburghausen.de\/index.php\/wp-json\/wp\/v2\/pages\/110","targetHints":{"allow":["GET"]}}],"collection":[{"href":"https:\/\/sbsz-hildburghausen.de\/index.php\/wp-json\/wp\/v2\/pages"}],"about":[{"href":"https:\/\/sbsz-hildburghausen.de\/index.php\/wp-json\/wp\/v2\/types\/page"}],"author":[{"embeddable":true,"href":"https:\/\/sbsz-hildburghausen.de\/index.php\/wp-json\/wp\/v2\/users\/1"}],"replies":[{"embeddable":true,"href":"https:\/\/sbsz-hildburghausen.de\/index.php\/wp-json\/wp\/v2\/comments?post=110"}],"version-history":[{"count":10,"href":"https:\/\/sbsz-hildburghausen.de\/index.php\/wp-json\/wp\/v2\/pages\/110\/revisions"}],"predecessor-version":[{"id":889,"href":"https:\/\/sbsz-hildburghausen.de\/index.php\/wp-json\/wp\/v2\/pages\/110\/revisions\/889"}],"up":[{"embeddable":true,"href":"https:\/\/sbsz-hildburghausen.de\/index.php\/wp-json\/wp\/v2\/pages\/112"}],"wp:attachment":[{"href":"https:\/\/sbsz-hildburghausen.de\/index.php\/wp-json\/wp\/v2\/media?parent=110"}],"curies":[{"name":"wp","href":"https:\/\/api.w.org\/{rel}","templated":true}]}}