{"id":106,"date":"2020-04-21T20:47:29","date_gmt":"2020-04-21T20:47:29","guid":{"rendered":"http:\/\/sbsz-hildburghausen.de\/?page_id=106"},"modified":"2024-03-20T08:03:28","modified_gmt":"2024-03-20T08:03:28","slug":"berufsvorbereitungsjahr","status":"publish","type":"page","link":"https:\/\/sbsz-hildburghausen.de\/index.php\/bildungsangebot\/berufsvorbereitungsjahr\/","title":{"rendered":"Berufsvorbereitungsjahr"},"content":{"rendered":"<div class=\"wp-block-image\">\n<figure class=\"aligncenter size-large\"><img loading=\"lazy\" decoding=\"async\" width=\"450\" height=\"338\" src=\"http:\/\/sbsz-hildburghausen.de\/wp-content\/uploads\/2020\/12\/haus_1.jpg\" alt=\"\" class=\"wp-image-305\" srcset=\"https:\/\/sbsz-hildburghausen.de\/wp-content\/uploads\/2020\/12\/haus_1.jpg 450w, https:\/\/sbsz-hildburghausen.de\/wp-content\/uploads\/2020\/12\/haus_1-300x225.jpg 300w\" sizes=\"auto, (max-width: 450px) 100vw, 450px\" \/><figcaption class=\"wp-element-caption\">Haus 1, Wiesenstra\u00dfe 20<\/figcaption><\/figure>\n<\/div>\n\n\n<p>Hier finden Sie alle Informationen \u00fcber die <strong>Ausbildungsg\u00e4nge<\/strong> zur <strong>Berufsvorbereitung<\/strong>.<\/p>\n\n\n\n<h4 class=\"wp-block-heading\"><span style=\"background-color:rgba(0, 0, 0, 0)\" class=\"has-inline-color has-vivid-cyan-blue-color\">Berufsfeld, Bildungsgang und Schwerpunkt der Ausbildung<\/span><\/h4>\n\n\n\n<p>Wir bereiten die Sch\u00fclerinnen und Sch\u00fcler in verschiedenen Berufsfeldern vor. Gegenw\u00e4rtig bieten wir folgende Berufsfelder an:<\/p>\n\n\n\n<ul class=\"wp-block-list\">\n<li>Holztechnik<\/li>\n\n\n\n<li>Metalltechnik<\/li>\n\n\n\n<li>Ern\u00e4hrung<\/li>\n\n\n\n<li>Hauswirtschaft<\/li>\n<\/ul>\n\n\n\n<p><span style=\"background-color:rgba(0, 0, 0, 0)\" class=\"has-inline-color has-vivid-cyan-blue-color\">Abschl\u00fcsse und Ziel der Ausbildung<\/span><\/p>\n\n\n\n<p>Das Berufsvorbereitungsjahr dient dazu, einen dem Hauptschulabschluss gleichwertigen Abschluss und die damit verbundene Berufsreife zu erwerben.<\/p>\n\n\n\n<h4 class=\"wp-block-heading\"><span style=\"background-color:rgba(0, 0, 0, 0)\" class=\"has-inline-color has-vivid-cyan-blue-color\">Zugangsvoraussetzungen<\/span><\/h4>\n\n\n\n<p>In das Berufsvorbereitungsjahr k\u00f6nnen alle Sch\u00fclerinnen und Sch\u00fcler aufgenommen werden, die noch keinen Hauptschulabschluss besitzen und die mindestens neun Schulbesuchsjahre nachweisen k\u00f6nnen.<\/p>\n\n\n\n<h4 class=\"wp-block-heading\"><span style=\"background-color:rgba(0, 0, 0, 0)\" class=\"has-inline-color has-vivid-cyan-blue-color\">Dauer der Ausbildung<\/span><\/h4>\n\n\n\n<p>Das Berufsvorbereitungsjahr ist eine einj\u00e4hrige Schulform. Die Sch\u00fclerinnen und Sch\u00fcler absolvieren innerhalb ihrer Ausbildung ein sechsw\u00f6chiges Betriebspraktikum.<\/p>\n\n\n\n<h4 class=\"wp-block-heading\"><span style=\"background-color:rgba(0, 0, 0, 0)\" class=\"has-inline-color has-vivid-cyan-blue-color\">Abschluss erreicht, wenn &#8230;<\/span><\/h4>\n\n\n\n<p>In jedem Fach der Rahmenstundentafel mindestens die Note &#8222;ausreichend&#8220; erzielt wurde.<\/p>\n\n\n\n<h4 class=\"wp-block-heading\"><span style=\"background-color:rgba(0, 0, 0, 0)\" class=\"has-inline-color has-vivid-cyan-blue-color\">Perspektiven<\/span><\/h4>\n\n\n\n<p>Nach dem erfolgreichen Abschluss des Berufsvorbereitungsjahrs kann die Aufnahme einer Berufsausbildung erfolgen. Au\u00dferdem kann eine Berufsfachschule mit dem Ziel&nbsp;der Erlangung eines dem Realschulabschluss gleichwertigen Abschlusses besucht werden.<\/p>\n\n\n\n<h4 class=\"wp-block-heading\"><span style=\"background-color:rgba(0, 0, 0, 0)\" class=\"has-inline-color has-vivid-cyan-blue-color\">Stundentafel<\/span><\/h4>\n\n\n\n<figure class=\"wp-block-table is-style-stripes\"><table><thead><tr><th>F\u00e4cher<\/th><th class=\"has-text-align-center\" data-align=\"center\">Wochenstunden<\/th><\/tr><\/thead><tbody><tr><td><strong>Allgemeinbildende F\u00e4cher:<\/strong><\/td><td class=\"has-text-align-center\" data-align=\"center\"><\/td><\/tr><tr><td>Deutsch<\/td><td class=\"has-text-align-center\" data-align=\"center\">3<\/td><\/tr><tr><td>Religionslehre bzw. Ethik<\/td><td class=\"has-text-align-center\" data-align=\"center\">1<\/td><\/tr><tr><td>Sozial- und Verhaltenskunde<\/td><td class=\"has-text-align-center\" data-align=\"center\">3<\/td><\/tr><tr><td>Wirtschaftslehre<\/td><td class=\"has-text-align-center\" data-align=\"center\">1<\/td><\/tr><tr><td>Sport<\/td><td class=\"has-text-align-center\" data-align=\"center\">2<\/td><\/tr><tr><td>Mathematik<\/td><td class=\"has-text-align-center\" data-align=\"center\">3<\/td><\/tr><tr><td><strong>Fachpraxis in den Berufsfeldern<\/strong><\/td><td class=\"has-text-align-center\" data-align=\"center\">14<\/td><\/tr><tr><td><strong>Fachtheorie in den Berufsfeldern<\/strong><\/td><td class=\"has-text-align-center\" data-align=\"center\">6<\/td><\/tr><tr><td><strong>Erg\u00e4nzungs- und F\u00f6rderunterricht<\/strong><\/td><td class=\"has-text-align-center\" data-align=\"center\">3<\/td><\/tr><\/tbody><tfoot><tr><td><strong>Gesamtstunden<\/strong><\/td><td class=\"has-text-align-center\" data-align=\"center\"><strong>36<\/strong><\/td><\/tr><\/tfoot><\/table><\/figure>\n\n\n\n<h2 class=\"wp-block-heading has-text-align-center\">Berufsvorbereitungsjahr &#8211; Sprache<\/h2>\n\n\n\n<p>Im Berufsvorbereitungsjahr Sprache k\u00f6nnen Sch\u00fclerinnen und Sch\u00fcler nicht deutscher Herkunftssprache ohne Hauptschulabschluss aufgenommen, die einen F\u00f6rderbedarf zum Erwerb der deutschen Sprache haben und deshalb dem Unterricht im BVJ noch nicht folgen k\u00f6nnen.<\/p>\n\n\n\n<h4 class=\"wp-block-heading\">Ziel und Dauer<\/h4>\n\n\n\n<p>Nach einem Jahr ist der \u00dcbergang in das Berufsvorbereitungsjahr vorgesehen, welches den Erwerb eines dem Hauptschulabschluss gleichwertigen Abschlusses erm\u00f6glicht.<\/p>\n\n\n\n<p><span style=\"background-color:rgba(0, 0, 0, 0)\" class=\"has-inline-color has-vivid-cyan-blue-color\"><span style=\"background-color:rgba(0, 0, 0, 0)\" class=\"has-inline-color has-vivid-cyan-blue-color\"><\/span><\/span><\/p>\n","protected":false},"excerpt":{"rendered":"<p>Hier finden Sie alle Informationen \u00fcber die Ausbildungsg\u00e4nge zur Berufsvorbereitung. Berufsfeld, Bildungsgang und Schwerpunkt der Ausbildung Wir bereiten die Sch\u00fclerinnen und Sch\u00fcler in verschiedenen Berufsfeldern vor. Gegenw\u00e4rtig bieten wir folgende Berufsfelder an: Abschl\u00fcsse und Ziel der Ausbildung Das Berufsvorbereitungsjahr dient dazu, einen dem Hauptschulabschluss gleichwertigen Abschluss und die damit verbundene Berufsreife zu erwerben. Zugangsvoraussetzungen In [&hellip;]<\/p>\n","protected":false},"author":1,"featured_media":0,"parent":23,"menu_order":0,"comment_status":"closed","ping_status":"closed","template":"","meta":{"_acf_changed":false,"footnotes":""},"class_list":["post-106","page","type-page","status-publish","hentry"],"acf":[],"aioseo_notices":[],"jetpack_sharing_enabled":true,"_links":{"self":[{"href":"https:\/\/sbsz-hildburghausen.de\/index.php\/wp-json\/wp\/v2\/pages\/106","targetHints":{"allow":["GET"]}}],"collection":[{"href":"https:\/\/sbsz-hildburghausen.de\/index.php\/wp-json\/wp\/v2\/pages"}],"about":[{"href":"https:\/\/sbsz-hildburghausen.de\/index.php\/wp-json\/wp\/v2\/types\/page"}],"author":[{"embeddable":true,"href":"https:\/\/sbsz-hildburghausen.de\/index.php\/wp-json\/wp\/v2\/users\/1"}],"replies":[{"embeddable":true,"href":"https:\/\/sbsz-hildburghausen.de\/index.php\/wp-json\/wp\/v2\/comments?post=106"}],"version-history":[{"count":17,"href":"https:\/\/sbsz-hildburghausen.de\/index.php\/wp-json\/wp\/v2\/pages\/106\/revisions"}],"predecessor-version":[{"id":2082,"href":"https:\/\/sbsz-hildburghausen.de\/index.php\/wp-json\/wp\/v2\/pages\/106\/revisions\/2082"}],"up":[{"embeddable":true,"href":"https:\/\/sbsz-hildburghausen.de\/index.php\/wp-json\/wp\/v2\/pages\/23"}],"wp:attachment":[{"href":"https:\/\/sbsz-hildburghausen.de\/index.php\/wp-json\/wp\/v2\/media?parent=106"}],"curies":[{"name":"wp","href":"https:\/\/api.w.org\/{rel}","templated":true}]}}