{"id":104,"date":"2020-04-21T20:47:03","date_gmt":"2020-04-21T20:47:03","guid":{"rendered":"http:\/\/sbsz-hildburghausen.de\/?page_id=104"},"modified":"2023-08-15T12:51:06","modified_gmt":"2023-08-15T12:51:06","slug":"berufsschule","status":"publish","type":"page","link":"https:\/\/sbsz-hildburghausen.de\/index.php\/bildungsangebot\/berufsschule\/","title":{"rendered":"Berufsschule"},"content":{"rendered":"\n<div class=\"wp-block-image\"><figure class=\"aligncenter size-large\"><img loading=\"lazy\" decoding=\"async\" width=\"450\" height=\"338\" src=\"http:\/\/sbsz-hildburghausen.de\/wp-content\/uploads\/2020\/12\/haus_1.jpg\" alt=\"\" class=\"wp-image-305\" srcset=\"https:\/\/sbsz-hildburghausen.de\/wp-content\/uploads\/2020\/12\/haus_1.jpg 450w, https:\/\/sbsz-hildburghausen.de\/wp-content\/uploads\/2020\/12\/haus_1-300x225.jpg 300w\" sizes=\"auto, (max-width: 450px) 100vw, 450px\" \/><figcaption>Haus 1 &#8211; Wiesenstra\u00dfe 20<\/figcaption><\/figure><\/div>\n\n\n\n<p>Hier finden Sie alle Informationen \u00fcber die <strong>dualen Ausbildungsg\u00e4nge<\/strong>.<\/p>\n\n\n\n<h4 class=\"wp-block-heading\"><span class=\"has-inline-color has-vivid-cyan-blue-color\">Berufsfeld, Bildungsgang und Schwerpunkt der Ausbildung<\/span><\/h4>\n\n\n\n<p>Wir bilden die Sch\u00fclerinnen und Sch\u00fcler in Berufen des Handwerks und der Industrie\u00a0aus. Dabei liegt unser Schwerpunkt in den Berufsfeldern: <strong>Fachinformatik<\/strong> (Anwendungsentwicklung, Systemintegration, Daten- und Prozessanalyse, Digitale Vernetzung), <strong>Metalltechnik<\/strong>, <strong>Holztechnik<\/strong> und <strong>Wirtschaft\/ Verwaltung<\/strong>.<\/p>\n\n\n\n<h4 class=\"wp-block-heading\"><span class=\"has-inline-color has-vivid-cyan-blue-color\">Abschl\u00fcsse und Ziel der Ausbildung<\/span><\/h4>\n\n\n\n<p>Im Fokus der Ausbildung steht der Berufsschulabschluss. Des Weiteren kann eine Zulassung zur Facharbeiter- oder Gesellenpr\u00fcfung erfolgen. Wird auch diese erfolgreich absolviert, wird ein Zeugnis der zust\u00e4ndigen Kammer erworben. Au\u00dferdem ist der Erwerb eines dem Realschulabschluss vergleichbaren Abschlusses m\u00f6glich. Daf\u00fcr muss ein vordefinierter Notenspiegel beim Abschluss der Ausbildung erreicht und eine erfolgreiche Kammerpr\u00fcfung nachgewiesen werden.<\/p>\n\n\n\n<h4 class=\"wp-block-heading\"><span class=\"has-inline-color has-vivid-cyan-blue-color\">Zugangsvoraussetzungen<\/span><\/h4>\n\n\n\n<p>Eine duale Ausbildung k\u00f6nnen alle Sch\u00fclerinnen und Sch\u00fcler beginnen, die keinen Abschluss oder einen Hauptschul- oder h\u00f6heren Schulabschluss besitzen. Wichtig ist, dass die Sch\u00fclerinnen und Sch\u00fcler einen Ausbildungsvertrag besitzen.<\/p>\n\n\n\n<h4 class=\"wp-block-heading\"><span class=\"has-inline-color has-vivid-cyan-blue-color\">Dauer der Ausbildung<\/span><\/h4>\n\n\n\n<p>Die Dauer der Ausbildung h\u00e4ngt vom Beruf und der damit verbundenen Ausbildungsverordnung ab. In der Regel dauert die Ausbildung 2, 3 oder 3,5 Jahre. <\/p>\n\n\n\n<h4 class=\"wp-block-heading\"><span class=\"has-inline-color has-vivid-cyan-blue-color\">F\u00f6rderung<\/span><\/h4>\n\n\n\n<p>Unter gewissen Voraussetzungen ist eine Ausbildungsbeihilfe m\u00f6glich.<\/p>\n\n\n\n<h4 class=\"wp-block-heading\"><span class=\"has-inline-color has-vivid-cyan-blue-color\">Perspektiven<\/span><\/h4>\n\n\n\n<p>Nach einem erfolgreichen Abschluss der dualen Ausbildung ist eine Besch\u00e4ftigung im erlernten Beruf m\u00f6glich. Um seine Qualifikation zu erh\u00f6hen, ist aber auch ein Besuch einer Fach-, Meister- oder Fachoberschule denkbar.<\/p>\n","protected":false},"excerpt":{"rendered":"<p>Hier finden Sie alle Informationen \u00fcber die dualen Ausbildungsg\u00e4nge. Berufsfeld, Bildungsgang und Schwerpunkt der Ausbildung Wir bilden die Sch\u00fclerinnen und Sch\u00fcler in Berufen des Handwerks und der Industrie\u00a0aus. Dabei liegt unser Schwerpunkt in den Berufsfeldern: Fachinformatik (Anwendungsentwicklung, Systemintegration, Daten- und Prozessanalyse, Digitale Vernetzung), Metalltechnik, Holztechnik und Wirtschaft\/ Verwaltung. Abschl\u00fcsse und Ziel der Ausbildung Im Fokus [&hellip;]<\/p>\n","protected":false},"author":1,"featured_media":0,"parent":23,"menu_order":0,"comment_status":"closed","ping_status":"closed","template":"","meta":{"_acf_changed":false,"footnotes":""},"class_list":["post-104","page","type-page","status-publish","hentry"],"acf":[],"aioseo_notices":[],"jetpack_sharing_enabled":true,"_links":{"self":[{"href":"https:\/\/sbsz-hildburghausen.de\/index.php\/wp-json\/wp\/v2\/pages\/104","targetHints":{"allow":["GET"]}}],"collection":[{"href":"https:\/\/sbsz-hildburghausen.de\/index.php\/wp-json\/wp\/v2\/pages"}],"about":[{"href":"https:\/\/sbsz-hildburghausen.de\/index.php\/wp-json\/wp\/v2\/types\/page"}],"author":[{"embeddable":true,"href":"https:\/\/sbsz-hildburghausen.de\/index.php\/wp-json\/wp\/v2\/users\/1"}],"replies":[{"embeddable":true,"href":"https:\/\/sbsz-hildburghausen.de\/index.php\/wp-json\/wp\/v2\/comments?post=104"}],"version-history":[{"count":13,"href":"https:\/\/sbsz-hildburghausen.de\/index.php\/wp-json\/wp\/v2\/pages\/104\/revisions"}],"predecessor-version":[{"id":1845,"href":"https:\/\/sbsz-hildburghausen.de\/index.php\/wp-json\/wp\/v2\/pages\/104\/revisions\/1845"}],"up":[{"embeddable":true,"href":"https:\/\/sbsz-hildburghausen.de\/index.php\/wp-json\/wp\/v2\/pages\/23"}],"wp:attachment":[{"href":"https:\/\/sbsz-hildburghausen.de\/index.php\/wp-json\/wp\/v2\/media?parent=104"}],"curies":[{"name":"wp","href":"https:\/\/api.w.org\/{rel}","templated":true}]}}